{"id":715,"date":"2020-04-08T13:11:06","date_gmt":"2020-04-08T11:11:06","guid":{"rendered":"https:\/\/www.llopart.eu\/?page_id=715"},"modified":"2021-06-21T23:30:59","modified_gmt":"2021-06-21T21:30:59","slug":"pattex-3","status":"publish","type":"page","link":"https:\/\/www.llopart.eu\/index.php\/pattex-3\/","title":{"rendered":"PATTEX"},"content":{"rendered":"\t\t<div data-elementor-type=\"wp-page\" data-elementor-id=\"715\" class=\"elementor elementor-715\" data-elementor-settings=\"[]\">\n\t\t\t\t\t\t<div class=\"elementor-inner\">\n\t\t\t\t\t\t\t<div class=\"elementor-section-wrap\">\n\t\t\t\t\t\t\t<section class=\"elementor-section elementor-top-section elementor-element elementor-element-ef6c9d1 elementor-section-content-middle elementor-section-stretched elementor-section-boxed elementor-section-height-default elementor-section-height-default\" data-id=\"ef6c9d1\" data-element_type=\"section\" data-settings=\"{&quot;stretch_section&quot;:&quot;section-stretched&quot;,&quot;background_background&quot;:&quot;classic&quot;}\">\n\t\t\t\t\t\t<div class=\"elementor-container elementor-column-gap-default\">\n\t\t\t\t\t\t\t<div class=\"elementor-row\">\n\t\t\t\t\t<div class=\"elementor-column elementor-col-50 elementor-top-column elementor-element elementor-element-20145f2\" data-id=\"20145f2\" data-element_type=\"column\">\n\t\t\t<div class=\"elementor-column-wrap elementor-element-populated\">\n\t\t\t\t\t\t\t<div class=\"elementor-widget-wrap\">\n\t\t\t\t\t\t<div class=\"elementor-element elementor-element-52c4433 elementor-widget elementor-widget-heading\" data-id=\"52c4433\" data-element_type=\"widget\" data-settings=\"{&quot;_animation_mobile&quot;:&quot;none&quot;}\" data-widget_type=\"heading.default\">\n\t\t\t\t<div class=\"elementor-widget-container\">\n\t\t\t<h3 class=\"elementor-heading-title elementor-size-default\">aDHESIVOS y selladores<\/h3>\t\t<\/div>\n\t\t\t\t<\/div>\n\t\t\t\t<div class=\"elementor-element elementor-element-b8ee500 elementor-widget elementor-widget-heading\" data-id=\"b8ee500\" data-element_type=\"widget\" data-widget_type=\"heading.default\">\n\t\t\t\t<div class=\"elementor-widget-container\">\n\t\t\t<h1 class=\"elementor-heading-title elementor-size-default\">INDUSTRIA CONSTRUCCI\u00d3N Y BRICOLAGE<\/h1>\t\t<\/div>\n\t\t\t\t<\/div>\n\t\t\t\t<div class=\"elementor-element elementor-element-83c718d elementor-widget elementor-widget-text-editor\" data-id=\"83c718d\" data-element_type=\"widget\" data-widget_type=\"text-editor.default\">\n\t\t\t\t<div class=\"elementor-widget-container\">\n\t\t\t\t\t\t\t\t<div class=\"elementor-text-editor elementor-clearfix\">\n\t\t\t\t<p>PRODUCTOS<\/p><ul><li><strong>PATTEX CONSUMO<\/strong><\/li><li><a href=\"https:\/\/www.llopart.eu\/wp-content\/uploads\/2020\/04\/01-consumo-pegado-montaje-1.pdf\" target=\"_blank\" rel=\"noopener\">Pegado montaje<\/a><\/li><li><a href=\"https:\/\/www.llopart.eu\/wp-content\/uploads\/2020\/04\/02-consumo-pega-sella-consumo-1.pdf\" target=\"_blank\" rel=\"noopener\">Pega sella consumo<\/a><\/li><li><a href=\"https:\/\/www.llopart.eu\/wp-content\/uploads\/2020\/04\/03-consumo-pegado-reparacion.pdf\" target=\"_blank\" rel=\"noopener\">Pegado reparaci\u00f3n<\/a><\/li><li><a href=\"https:\/\/www.llopart.eu\/wp-content\/uploads\/2020\/04\/04-consumo-sellado-hogar.pdf\" target=\"_blank\" rel=\"noopener\">Sellado hogar<\/a><\/li><li><strong>PATTEX PROFESIONAL<\/strong><\/li><li><a href=\"https:\/\/www.llopart.eu\/wp-content\/uploads\/2020\/04\/05-profesional-montaje.pdf\" target=\"_blank\" rel=\"noopener\">Montaje<\/a><\/li><li><a href=\"https:\/\/www.llopart.eu\/wp-content\/uploads\/2020\/04\/06-profesional-fijacion.pdf\" target=\"_blank\" rel=\"noopener\">Fijaci\u00f3n<\/a><\/li><li><a href=\"https:\/\/www.llopart.eu\/wp-content\/uploads\/2020\/04\/07-profesional-pegado-profesional.pdf\" target=\"_blank\" rel=\"noopener\">Pegado profesional<\/a><\/li><li><a href=\"https:\/\/www.llopart.eu\/wp-content\/uploads\/2020\/04\/08-profesional-sellado-profesional.pdf\" target=\"_blank\" rel=\"noopener\">Sellado profesional<\/a><\/li><li><a href=\"https:\/\/www.llopart.eu\/wp-content\/uploads\/2020\/04\/09-profesional-complementos.pdf\" target=\"_blank\" rel=\"noopener\">Complementos<\/a><\/li><\/ul>\t\t\t\t\t<\/div>\n\t\t\t\t\t\t<\/div>\n\t\t\t\t<\/div>\n\t\t\t\t\t\t<\/div>\n\t\t\t\t\t<\/div>\n\t\t<\/div>\n\t\t\t\t<div class=\"elementor-column elementor-col-50 elementor-top-column elementor-element elementor-element-1512045\" data-id=\"1512045\" data-element_type=\"column\" data-settings=\"{&quot;background_background&quot;:&quot;classic&quot;}\">\n\t\t\t<div class=\"elementor-column-wrap elementor-element-populated\">\n\t\t\t\t\t\t\t<div class=\"elementor-widget-wrap\">\n\t\t\t\t\t\t<div class=\"elementor-element elementor-element-e8159a4 elementor-widget elementor-widget-image\" data-id=\"e8159a4\" data-element_type=\"widget\" data-widget_type=\"image.default\">\n\t\t\t\t<div class=\"elementor-widget-container\">\n\t\t\t\t\t\t\t\t<div class=\"elementor-image\">\n\t\t\t\t\t\t\t\t\t\t\t\t<img width=\"206\" height=\"149\" src=\"https:\/\/www.llopart.eu\/wp-content\/uploads\/2020\/04\/logo01-1.jpg\" class=\"attachment-medium size-medium\" alt=\"\" loading=\"lazy\" \/>\t\t\t\t\t\t\t\t\t\t\t\t\t\t<\/div>\n\t\t\t\t\t\t<\/div>\n\t\t\t\t<\/div>\n\t\t\t\t<div class=\"elementor-element elementor-element-d801009 elementor-widget elementor-widget-image\" data-id=\"d801009\" data-element_type=\"widget\" data-widget_type=\"image.default\">\n\t\t\t\t<div class=\"elementor-widget-container\">\n\t\t\t\t\t\t\t\t<div class=\"elementor-image\">\n\t\t\t\t\t\t\t\t\t\t\t\t<img width=\"812\" height=\"576\" src=\"https:\/\/www.llopart.eu\/wp-content\/uploads\/2020\/04\/Sin-t\u00edtulo-1-4-1024x726.jpg\" class=\"attachment-large size-large\" alt=\"\" loading=\"lazy\" srcset=\"https:\/\/www.llopart.eu\/wp-content\/uploads\/2020\/04\/Sin-t\u00edtulo-1-4-1024x726.jpg 1024w, https:\/\/www.llopart.eu\/wp-content\/uploads\/2020\/04\/Sin-t\u00edtulo-1-4-300x213.jpg 300w, https:\/\/www.llopart.eu\/wp-content\/uploads\/2020\/04\/Sin-t\u00edtulo-1-4-768x545.jpg 768w, https:\/\/www.llopart.eu\/wp-content\/uploads\/2020\/04\/Sin-t\u00edtulo-1-4.jpg 1400w\" sizes=\"(max-width: 812px) 100vw, 812px\" \/>\t\t\t\t\t\t\t\t\t\t\t\t\t\t<\/div>\n\t\t\t\t\t\t<\/div>\n\t\t\t\t<\/div>\n\t\t\t\t\t\t<\/div>\n\t\t\t\t\t<\/div>\n\t\t<\/div>\n\t\t\t\t\t\t\t\t<\/div>\n\t\t\t\t\t<\/div>\n\t\t<\/section>\n\t\t\t\t<section class=\"elementor-section elementor-top-section elementor-element elementor-element-fec70e6 elementor-section-stretched elementor-section-boxed elementor-section-height-default elementor-section-height-default\" data-id=\"fec70e6\" data-element_type=\"section\" data-settings=\"{&quot;stretch_section&quot;:&quot;section-stretched&quot;}\">\n\t\t\t\t\t\t<div class=\"elementor-container elementor-column-gap-default\">\n\t\t\t\t\t\t\t<div class=\"elementor-row\">\n\t\t\t\t\t<div class=\"elementor-column elementor-col-33 elementor-top-column elementor-element elementor-element-65db8d1\" data-id=\"65db8d1\" data-element_type=\"column\">\n\t\t\t<div class=\"elementor-column-wrap elementor-element-populated\">\n\t\t\t\t\t\t\t<div class=\"elementor-widget-wrap\">\n\t\t\t\t\t\t<div class=\"elementor-element elementor-element-c60e9ab elementor-widget elementor-widget-premium-addon-banner\" data-id=\"c60e9ab\" data-element_type=\"widget\" data-widget_type=\"premium-addon-banner.default\">\n\t\t\t\t<div class=\"elementor-widget-container\">\n\t\t\t\t\t<div id=\"premium-banner-c60e9ab\" class=\"premium-banner\">\r\n\t\t\t<div class=\"premium-banner-ib premium-banner-animation13 zoomin premium-banner-min-height\">\r\n\t\t\t\t\t\t\t\t\t\t\t\t\t\t\t\t\t\t\t<img width=\"362\" height=\"246\" src=\"https:\/\/www.llopart.eu\/wp-content\/uploads\/2020\/04\/imagen-01.jpg\" class=\"attachment-full size-full\" alt=\"\" loading=\"lazy\" \/>\t\t\t\t\t\t\t\t\t\t\t\t\t<div class=\"premium-banner-ib-desc\">\r\n\t\t\t\t\t<div class=\"premium-banner-desc-centered\">\r\n\t\t\t\t\t\t<div class=\"premium-banner-title-wrap\"><h3 class=\"premium-banner-ib-title premium_banner_title\">ADHESIVOS<\/h3><\/div>\t\t\t\t\t\t\t<div class=\"premium-banner-ib-content premium_banner_content\">\r\n\t\t\t\t\t\t\t\t<div >\r\n\t\t\t\t\t\t\t\t\t<ul><li><a href=\"https:\/\/www.pattex.es\/pagina-de-inicio\/productos\/adhesivos\/pattex-crocodile-power.html\" target=\"_blank\" rel=\"noopener\">Pattex Crocodile Power<\/a><\/li><\/ul>\t\t\t\t\t\t\t\t<\/div>\r\n\t\t\t\t\t\t\t<\/div>\r\n\t\t\t\t\t\t\t\t\t\t\t\t\t\t\t\t\t<\/div>\r\n\t\t\t\t<\/div>\r\n\t\t\t\t\t\t\t<\/div>\r\n\t\t\t\t\t<\/div>\r\n\t\t\t\t<\/div>\n\t\t\t\t<\/div>\n\t\t\t\t\t\t<\/div>\n\t\t\t\t\t<\/div>\n\t\t<\/div>\n\t\t\t\t<div class=\"elementor-column elementor-col-33 elementor-top-column elementor-element elementor-element-31ddf32\" data-id=\"31ddf32\" data-element_type=\"column\">\n\t\t\t<div class=\"elementor-column-wrap elementor-element-populated\">\n\t\t\t\t\t\t\t<div class=\"elementor-widget-wrap\">\n\t\t\t\t\t\t<div class=\"elementor-element elementor-element-04f053e elementor-widget elementor-widget-premium-addon-banner\" data-id=\"04f053e\" data-element_type=\"widget\" data-widget_type=\"premium-addon-banner.default\">\n\t\t\t\t<div class=\"elementor-widget-container\">\n\t\t\t\t\t<div id=\"premium-banner-04f053e\" class=\"premium-banner\">\r\n\t\t\t<div class=\"premium-banner-ib premium-banner-animation13 zoomin premium-banner-min-height\">\r\n\t\t\t\t\t\t\t\t\t\t\t\t\t\t\t\t\t\t\t<img width=\"362\" height=\"246\" src=\"https:\/\/www.llopart.eu\/wp-content\/uploads\/2020\/04\/CATALOGO-1.jpg\" class=\"attachment-full size-full\" alt=\"\" loading=\"lazy\" \/>\t\t\t\t\t\t\t\t\t\t\t\t\t<div class=\"premium-banner-ib-desc\">\r\n\t\t\t\t\t<div class=\"premium-banner-desc-centered\">\r\n\t\t\t\t\t\t<div class=\"premium-banner-title-wrap\"><h3 class=\"premium-banner-ib-title premium_banner_title\"><\/h3><\/div>\t\t\t\t\t\t\t<div class=\"premium-banner-ib-content premium_banner_content\">\r\n\t\t\t\t\t\t\t\t<div >\r\n\t\t\t\t\t\t\t\t\t<ul><li><a href=\"https:\/\/www.llopart.eu\/wp-content\/uploads\/2020\/04\/catalogo-pattex.pdf\" target=\"_blank\" rel=\"noopener\">DESCARGAR CAT\u00c1LOGO<\/a><\/li><\/ul>\t\t\t\t\t\t\t\t<\/div>\r\n\t\t\t\t\t\t\t<\/div>\r\n\t\t\t\t\t\t\t\t\t\t\t\t\t\t\t\t\t<\/div>\r\n\t\t\t\t<\/div>\r\n\t\t\t\t\t\t\t<\/div>\r\n\t\t\t\t\t<\/div>\r\n\t\t\t\t<\/div>\n\t\t\t\t<\/div>\n\t\t\t\t\t\t<\/div>\n\t\t\t\t\t<\/div>\n\t\t<\/div>\n\t\t\t\t<div class=\"elementor-column elementor-col-33 elementor-top-column elementor-element elementor-element-f739118\" data-id=\"f739118\" data-element_type=\"column\">\n\t\t\t<div class=\"elementor-column-wrap elementor-element-populated\">\n\t\t\t\t\t\t\t<div class=\"elementor-widget-wrap\">\n\t\t\t\t\t\t<div class=\"elementor-element elementor-element-77955d0 elementor-widget elementor-widget-premium-addon-banner\" data-id=\"77955d0\" data-element_type=\"widget\" data-widget_type=\"premium-addon-banner.default\">\n\t\t\t\t<div class=\"elementor-widget-container\">\n\t\t\t\t\t<div id=\"premium-banner-77955d0\" class=\"premium-banner\">\r\n\t\t\t<div class=\"premium-banner-ib premium-banner-animation13 zoomin premium-banner-min-height\">\r\n\t\t\t\t\t\t\t\t\t\t\t\t\t\t\t\t\t\t\t<img width=\"362\" height=\"246\" src=\"https:\/\/www.llopart.eu\/wp-content\/uploads\/2020\/04\/profesional-1.jpg\" class=\"attachment-full size-full\" alt=\"\" loading=\"lazy\" \/>\t\t\t\t\t\t\t\t\t\t\t\t\t<div class=\"premium-banner-ib-desc\">\r\n\t\t\t\t\t<div class=\"premium-banner-desc-centered\">\r\n\t\t\t\t\t\t<div class=\"premium-banner-title-wrap\"><h3 class=\"premium-banner-ib-title premium_banner_title\">ADHESIVOS<\/h3><\/div>\t\t\t\t\t\t\t<div class=\"premium-banner-ib-content premium_banner_content\">\r\n\t\t\t\t\t\t\t\t<div >\r\n\t\t\t\t\t\t\t\t\t<ul><li><a href=\"https:\/\/www.pattex.es\/pagina-de-inicio\/productos\/adhesivos\/bicomponentes\/para-el-profesional.html\" target=\"_blank\" rel=\"noopener\">Para el profesional<\/a><\/li><\/ul>\t\t\t\t\t\t\t\t<\/div>\r\n\t\t\t\t\t\t\t<\/div>\r\n\t\t\t\t\t\t\t\t\t\t\t\t\t\t\t\t\t<\/div>\r\n\t\t\t\t<\/div>\r\n\t\t\t\t\t\t\t<\/div>\r\n\t\t\t\t\t<\/div>\r\n\t\t\t\t<\/div>\n\t\t\t\t<\/div>\n\t\t\t\t\t\t<\/div>\n\t\t\t\t\t<\/div>\n\t\t<\/div>\n\t\t\t\t\t\t\t\t<\/div>\n\t\t\t\t\t<\/div>\n\t\t<\/section>\n\t\t\t\t<section class=\"elementor-section elementor-top-section elementor-element elementor-element-bb37c6c elementor-section-stretched elementor-section-full_width elementor-section-height-default elementor-section-height-default\" data-id=\"bb37c6c\" data-element_type=\"section\" data-settings=\"{&quot;stretch_section&quot;:&quot;section-stretched&quot;,&quot;background_background&quot;:&quot;classic&quot;}\">\n\t\t\t\t\t\t<div class=\"elementor-container elementor-column-gap-default\">\n\t\t\t\t\t\t\t<div class=\"elementor-row\">\n\t\t\t\t\t<div class=\"elementor-column elementor-col-50 elementor-top-column elementor-element elementor-element-bca780d\" data-id=\"bca780d\" data-element_type=\"column\">\n\t\t\t<div class=\"elementor-column-wrap elementor-element-populated\">\n\t\t\t\t\t\t\t<div class=\"elementor-widget-wrap\">\n\t\t\t\t\t\t<section class=\"elementor-section elementor-inner-section elementor-element elementor-element-7ea57ef elementor-section-boxed elementor-section-height-default elementor-section-height-default\" data-id=\"7ea57ef\" data-element_type=\"section\">\n\t\t\t\t\t\t<div class=\"elementor-container elementor-column-gap-default\">\n\t\t\t\t\t\t\t<div class=\"elementor-row\">\n\t\t\t\t\t<div class=\"elementor-column elementor-col-50 elementor-inner-column elementor-element elementor-element-7be2917\" data-id=\"7be2917\" data-element_type=\"column\">\n\t\t\t<div class=\"elementor-column-wrap elementor-element-populated\">\n\t\t\t\t\t\t\t<div class=\"elementor-widget-wrap\">\n\t\t\t\t\t\t<div class=\"elementor-element elementor-element-bb74c57 elementor-widget elementor-widget-text-editor\" data-id=\"bb74c57\" data-element_type=\"widget\" data-widget_type=\"text-editor.default\">\n\t\t\t\t<div class=\"elementor-widget-container\">\n\t\t\t\t\t\t\t\t<div class=\"elementor-text-editor elementor-clearfix\">\n\t\t\t\t<p>PRODUCTOS<\/p><ul><li><a href=\"https:\/\/www.llopart.eu\/index.php\/adhesivos-2\/\" target=\"_blank\" rel=\"noopener\">Adhesivos<\/a><\/li><li><a href=\"https:\/\/www.llopart.eu\/index.php\/elementos-normalizados\/\" target=\"_blank\" rel=\"noopener\">Elementos normalizados<\/a><\/li><li><a href=\"https:\/\/www.llopart.eu\/index.php\/herramientas-de-mano\/\" target=\"_blank\" rel=\"noopener\">Herramientas de mano<\/a><\/li><li><a href=\"https:\/\/www.llopart.eu\/index.php\/herramientas-electricas\/\" target=\"_blank\" rel=\"noopener\">Herramientas el\u00e9ctricas<\/a><\/li><li><a href=\"https:\/\/www.llopart.eu\/index.php\/lubricantes\/\" target=\"_blank\" rel=\"noopener\">Lubricantes<\/a><\/li><li><a href=\"https:\/\/www.llopart.eu\/index.php\/soldadura-4\/\" target=\"_blank\" rel=\"noopener\">Soldadura<\/a><\/li><li><a href=\"https:\/\/www.llopart.eu\/index.php\/tornilleria-5\/\" target=\"_blank\" rel=\"noopener\">Torniller\u00eda<\/a><\/li><\/ul>\t\t\t\t\t<\/div>\n\t\t\t\t\t\t<\/div>\n\t\t\t\t<\/div>\n\t\t\t\t\t\t<\/div>\n\t\t\t\t\t<\/div>\n\t\t<\/div>\n\t\t\t\t<div class=\"elementor-column elementor-col-50 elementor-inner-column elementor-element elementor-element-eb86d05\" data-id=\"eb86d05\" data-element_type=\"column\">\n\t\t\t<div class=\"elementor-column-wrap elementor-element-populated\">\n\t\t\t\t\t\t\t<div class=\"elementor-widget-wrap\">\n\t\t\t\t\t\t<div class=\"elementor-element elementor-element-e81e317 elementor-widget elementor-widget-text-editor\" data-id=\"e81e317\" data-element_type=\"widget\" data-widget_type=\"text-editor.default\">\n\t\t\t\t<div class=\"elementor-widget-container\">\n\t\t\t\t\t\t\t\t<div class=\"elementor-text-editor elementor-clearfix\">\n\t\t\t\t<p style=\"text-align: left;\">NUESTRAS MARCAS<\/p><ul><li><a href=\"https:\/\/www.llopart.eu\/index.php\/bostik-4\/\" target=\"_blank\" rel=\"noopener\">Bostik<\/a><\/li><li><a href=\"https:\/\/www.llopart.eu\/index.php\/loctite-4\/\" target=\"_blank\" rel=\"noopener\">Loctite<\/a><\/li><li><a href=\"https:\/\/www.llopart.eu\/index.php\/pattex-3\/\" target=\"_blank\" rel=\"noopener\">Pattex<\/a><\/li><li><a href=\"https:\/\/www.llopart.eu\/index.php\/halder-4\/\" target=\"_blank\" rel=\"noopener\">Halder<\/a><\/li><li><a href=\"https:\/\/www.llopart.eu\/index.php\/norelem-4\/\" target=\"_blank\" rel=\"noopener\">Norelem<\/a><\/li><li><a href=\"https:\/\/www.llopart.eu\/index.php\/opac\/\" target=\"_blank\" rel=\"noopener\">Opac<\/a><\/li><li><a href=\"https:\/\/www.llopart.eu\/index.php\/bahco-2\/\" target=\"_blank\" rel=\"noopener\">Bahco<\/a><\/li><li><a href=\"https:\/\/www.llopart.eu\/index.php\/dogher-5\/\" target=\"_blank\" rel=\"noopener\">Dogher<\/a><\/li><li><a href=\"https:\/\/www.llopart.eu\/index.php\/facom-6\/\" target=\"_blank\" rel=\"noopener\">Facom<\/a><\/li><li><a href=\"https:\/\/www.llopart.eu\/index.php\/dewalt-4\/\" target=\"_blank\" rel=\"noopener\">Dewalt<\/a><\/li><li><a href=\"https:\/\/www.llopart.eu\/index.php\/metabo-5\/\" target=\"_blank\" rel=\"noopener\">Metabo<\/a><\/li><li><a href=\"https:\/\/www.llopart.eu\/index.php\/brugarolas-4\/\" target=\"_blank\" rel=\"noopener\">Brugarolas<\/a><\/li><li><a href=\"https:\/\/www.llopart.eu\/index.php\/fuchs-4\/\" target=\"_blank\" rel=\"noopener\">Fuch<\/a><\/li><li><a href=\"https:\/\/www.llopart.eu\/index.php\/galagar-4\/\" target=\"_blank\" rel=\"noopener\">Galagar<\/a><\/li><li><a href=\"https:\/\/www.llopart.eu\/index.php\/solgrup\/\" target=\"_blank\" rel=\"noopener\">Solgrup<\/a><\/li><li><a href=\"https:\/\/www.llopart.eu\/index.php\/holokrome\/\" target=\"_blank\" rel=\"noopener\">Holo-Krome<\/a><\/li><li><a href=\"https:\/\/www.llopart.eu\/index.php\/reyzabal\/\" target=\"_blank\" rel=\"noopener\">Reyzabal<\/a><\/li><li><a href=\"https:\/\/www.llopart.eu\/index.php\/unbrako\/\" target=\"_blank\" rel=\"noopener\">Unbrako<\/a><\/li><\/ul>\t\t\t\t\t<\/div>\n\t\t\t\t\t\t<\/div>\n\t\t\t\t<\/div>\n\t\t\t\t\t\t<\/div>\n\t\t\t\t\t<\/div>\n\t\t<\/div>\n\t\t\t\t\t\t\t\t<\/div>\n\t\t\t\t\t<\/div>\n\t\t<\/section>\n\t\t\t\t\t\t<\/div>\n\t\t\t\t\t<\/div>\n\t\t<\/div>\n\t\t\t\t<div class=\"elementor-column elementor-col-50 elementor-top-column elementor-element elementor-element-5f94fab\" data-id=\"5f94fab\" data-element_type=\"column\">\n\t\t\t<div class=\"elementor-column-wrap elementor-element-populated\">\n\t\t\t\t\t\t\t<div class=\"elementor-widget-wrap\">\n\t\t\t\t\t\t<div class=\"elementor-element elementor-element-44e51fe elementor-widget elementor-widget-html\" data-id=\"44e51fe\" data-element_type=\"widget\" data-widget_type=\"html.default\">\n\t\t\t\t<div class=\"elementor-widget-container\">\n\t\t\t<iframe loading=\"lazy\" src=\"https:\/\/www.google.com\/maps\/embed?pb=!1m18!1m12!1m3!1d2994.5753974378727!2d1.9846890149263385!3d41.36158190555828!2m3!1f0!2f0!3f0!3m2!1i1024!2i768!4f13.1!3m3!1m2!1s0x12a484b51fe3940b%3A0x3772998930c230eb!2sSubministraments%20Industrials%20Llopart!5e0!3m2!1ses!2ses!4v1587197642008!5m2!1ses!2ses\" width=\"600\" height=\"450\" frameborder=\"0\" style=\"border:0;\" allowfullscreen=\"\" aria-hidden=\"false\" tabindex=\"0\"><\/iframe>\t\t<\/div>\n\t\t\t\t<\/div>\n\t\t\t\t<div class=\"elementor-element elementor-element-b5c9e35 elementor-widget elementor-widget-heading\" data-id=\"b5c9e35\" data-element_type=\"widget\" data-widget_type=\"heading.default\">\n\t\t\t\t<div class=\"elementor-widget-container\">\n\t\t\t<h1 class=\"elementor-heading-title elementor-size-small\">\u00a9 Llopart Subministraments Industrials\n\n\n<\/h1>\t\t<\/div>\n\t\t\t\t<\/div>\n\t\t\t\t<div class=\"elementor-element elementor-element-fcbe3c1 elementor-widget elementor-widget-heading\" data-id=\"fcbe3c1\" data-element_type=\"widget\" data-widget_type=\"heading.default\">\n\t\t\t\t<div class=\"elementor-widget-container\">\n\t\t\t<h1 class=\"elementor-heading-title elementor-size-small\">Av. Dol\u00e7a de Proven\u00e7a n\u00ba 20 Nave 2\n\n08629 Torrelles de LLobregat Barcelona\n\n\n<\/h1>\t\t<\/div>\n\t\t\t\t<\/div>\n\t\t\t\t<div class=\"elementor-element elementor-element-e1873f5 elementor-widget elementor-widget-heading\" data-id=\"e1873f5\" data-element_type=\"widget\" data-widget_type=\"heading.default\">\n\t\t\t\t<div class=\"elementor-widget-container\">\n\t\t\t<h1 class=\"elementor-heading-title elementor-size-small\"><a href=\"mailto:ventas@llopart.eu\">E-mail: ventas@llopart.eu\n\n<\/a><\/h1>\t\t<\/div>\n\t\t\t\t<\/div>\n\t\t\t\t<div class=\"elementor-element elementor-element-9f20ad0 elementor-widget elementor-widget-heading\" data-id=\"9f20ad0\" data-element_type=\"widget\" data-widget_type=\"heading.default\">\n\t\t\t\t<div class=\"elementor-widget-container\">\n\t\t\t<h1 class=\"elementor-heading-title elementor-size-small\">Telf. 936 891 277 \/ 617 328 406\n\n\n<\/h1>\t\t<\/div>\n\t\t\t\t<\/div>\n\t\t\t\t\t\t<\/div>\n\t\t\t\t\t<\/div>\n\t\t<\/div>\n\t\t\t\t\t\t\t\t<\/div>\n\t\t\t\t\t<\/div>\n\t\t<\/section>\n\t\t\t\t\t\t<\/div>\n\t\t\t\t\t\t<\/div>\n\t\t\t\t\t<\/div>\n\t\t","protected":false},"excerpt":{"rendered":"<p>aDHESIVOS y selladores INDUSTRIA CONSTRUCCI\u00d3N Y BRICOLAGE PRODUCTOS PATTEX CONSUMO Pegado montaje Pega sella consumo Pegado reparaci\u00f3n Sellado hogar PATTEX PROFESIONAL Montaje Fijaci\u00f3n Pegado profesional Sellado profesional Complementos ADHESIVOS Pattex Crocodile Power DESCARGAR CAT\u00c1LOGO ADHESIVOS Para el profesional PRODUCTOS Adhesivos Elementos normalizados Herramientas de mano Herramientas el\u00e9ctricas Lubricantes Soldadura Torniller\u00eda NUESTRAS MARCAS Bostik Loctite Pattex [&hellip;]<\/p>\n","protected":false},"author":1,"featured_media":0,"parent":0,"menu_order":0,"comment_status":"closed","ping_status":"closed","template":"","meta":{"_monsterinsights_skip_tracking":false,"_monsterinsights_sitenote_active":false,"_monsterinsights_sitenote_note":"","_monsterinsights_sitenote_category":0},"_links":{"self":[{"href":"https:\/\/www.llopart.eu\/index.php\/wp-json\/wp\/v2\/pages\/715"}],"collection":[{"href":"https:\/\/www.llopart.eu\/index.php\/wp-json\/wp\/v2\/pages"}],"about":[{"href":"https:\/\/www.llopart.eu\/index.php\/wp-json\/wp\/v2\/types\/page"}],"author":[{"embeddable":true,"href":"https:\/\/www.llopart.eu\/index.php\/wp-json\/wp\/v2\/users\/1"}],"replies":[{"embeddable":true,"href":"https:\/\/www.llopart.eu\/index.php\/wp-json\/wp\/v2\/comments?post=715"}],"version-history":[{"count":30,"href":"https:\/\/www.llopart.eu\/index.php\/wp-json\/wp\/v2\/pages\/715\/revisions"}],"predecessor-version":[{"id":2110,"href":"https:\/\/www.llopart.eu\/index.php\/wp-json\/wp\/v2\/pages\/715\/revisions\/2110"}],"wp:attachment":[{"href":"https:\/\/www.llopart.eu\/index.php\/wp-json\/wp\/v2\/media?parent=715"}],"curies":[{"name":"wp","href":"https:\/\/api.w.org\/{rel}","templated":true}]}}