{"id":694,"date":"2020-04-08T13:08:16","date_gmt":"2020-04-08T11:08:16","guid":{"rendered":"https:\/\/www.llopart.eu\/?page_id=694"},"modified":"2021-12-20T20:42:05","modified_gmt":"2021-12-20T19:42:05","slug":"galagar-4","status":"publish","type":"page","link":"https:\/\/www.llopart.eu\/index.php\/galagar-4\/","title":{"rendered":"GALAGAR"},"content":{"rendered":"\t\t<div data-elementor-type=\"wp-page\" data-elementor-id=\"694\" class=\"elementor elementor-694\" data-elementor-settings=\"[]\">\n\t\t\t\t\t\t<div class=\"elementor-inner\">\n\t\t\t\t\t\t\t<div class=\"elementor-section-wrap\">\n\t\t\t\t\t\t\t<section class=\"elementor-section elementor-top-section elementor-element elementor-element-d5dc580 elementor-section-content-middle elementor-section-stretched elementor-section-boxed elementor-section-height-default elementor-section-height-default\" data-id=\"d5dc580\" data-element_type=\"section\" data-settings=\"{&quot;stretch_section&quot;:&quot;section-stretched&quot;,&quot;background_background&quot;:&quot;classic&quot;}\">\n\t\t\t\t\t\t<div class=\"elementor-container elementor-column-gap-default\">\n\t\t\t\t\t\t\t<div class=\"elementor-row\">\n\t\t\t\t\t<div class=\"elementor-column elementor-col-50 elementor-top-column elementor-element elementor-element-54fc662\" data-id=\"54fc662\" data-element_type=\"column\">\n\t\t\t<div class=\"elementor-column-wrap elementor-element-populated\">\n\t\t\t\t\t\t\t<div class=\"elementor-widget-wrap\">\n\t\t\t\t\t\t<div class=\"elementor-element elementor-element-a9bd925 elementor-widget elementor-widget-heading\" data-id=\"a9bd925\" data-element_type=\"widget\" data-settings=\"{&quot;_animation_mobile&quot;:&quot;none&quot;}\" data-widget_type=\"heading.default\">\n\t\t\t\t<div class=\"elementor-widget-container\">\n\t\t\t<h3 class=\"elementor-heading-title elementor-size-default\">productos de soldadura<\/h3>\t\t<\/div>\n\t\t\t\t<\/div>\n\t\t\t\t<div class=\"elementor-element elementor-element-bcfe0e8 elementor-widget elementor-widget-heading\" data-id=\"bcfe0e8\" data-element_type=\"widget\" data-widget_type=\"heading.default\">\n\t\t\t\t<div class=\"elementor-widget-container\">\n\t\t\t<h1 class=\"elementor-heading-title elementor-size-default\">INDUSTRIA <\/h1>\t\t<\/div>\n\t\t\t\t<\/div>\n\t\t\t\t<div class=\"elementor-element elementor-element-0674682 elementor-widget elementor-widget-text-editor\" data-id=\"0674682\" data-element_type=\"widget\" data-widget_type=\"text-editor.default\">\n\t\t\t\t<div class=\"elementor-widget-container\">\n\t\t\t\t\t\t\t\t<div class=\"elementor-text-editor elementor-clearfix\">\n\t\t\t\t<p>PRODUCTOS<\/p><ul><li><a href=\"https:\/\/www.llopart.eu\/wp-content\/uploads\/2020\/04\/01-equipos-de-soldadura-electrica.pdf\" target=\"_blank\" rel=\"noopener\">Equipos de soldadura el\u00e9ctrica y antorchas<\/a><\/li><li><a href=\"https:\/\/www.llopart.eu\/wp-content\/uploads\/2020\/04\/02-carros-de-soldadura.pdf\" target=\"_blank\" rel=\"noopener\">Carros de soldadura y oxicorte<\/a><\/li><li><a href=\"https:\/\/www.llopart.eu\/wp-content\/uploads\/2020\/04\/03-cnc.pdf\" target=\"_blank\" rel=\"noopener\">CNC , posicionadores y vibradores<\/a><\/li><li><a href=\"https:\/\/www.llopart.eu\/wp-content\/uploads\/2020\/04\/04-aspiracion-de-humos.pdf\" target=\"_blank\" rel=\"noopener\">Aspiraci\u00f3n de humos<\/a><\/li><li><a href=\"https:\/\/www.llopart.eu\/wp-content\/uploads\/2020\/04\/05-proteccion-ocular-y-respiratoria.pdf\" target=\"_blank\" rel=\"noopener\">Protecci\u00f3n ocular y respiratoria<\/a><\/li><li><a href=\"https:\/\/www.llopart.eu\/wp-content\/uploads\/2020\/04\/06-soldadura-de-pernos.pdf\" target=\"_blank\" rel=\"noopener\">Soldadura de pernos<\/a><\/li><li><a href=\"https:\/\/www.llopart.eu\/wp-content\/uploads\/2020\/04\/07-tratamiento-superficial-de-acero-inoxidable.pdf\" target=\"_blank\" rel=\"noopener\">Tratamiento superficial de acero inoxidable<\/a><\/li><li><a href=\"https:\/\/www.llopart.eu\/wp-content\/uploads\/2020\/04\/08-consumibles.pdf\" target=\"_blank\" rel=\"noopener\">Consumibles<\/a><\/li><\/ul>\t\t\t\t\t<\/div>\n\t\t\t\t\t\t<\/div>\n\t\t\t\t<\/div>\n\t\t\t\t\t\t<\/div>\n\t\t\t\t\t<\/div>\n\t\t<\/div>\n\t\t\t\t<div class=\"elementor-column elementor-col-50 elementor-top-column elementor-element elementor-element-ffd3f48\" data-id=\"ffd3f48\" data-element_type=\"column\" data-settings=\"{&quot;background_background&quot;:&quot;classic&quot;}\">\n\t\t\t<div class=\"elementor-column-wrap elementor-element-populated\">\n\t\t\t\t\t\t\t<div class=\"elementor-widget-wrap\">\n\t\t\t\t\t\t<div class=\"elementor-element elementor-element-02897ff elementor-widget elementor-widget-image\" data-id=\"02897ff\" data-element_type=\"widget\" data-widget_type=\"image.default\">\n\t\t\t\t<div class=\"elementor-widget-container\">\n\t\t\t\t\t\t\t\t<div class=\"elementor-image\">\n\t\t\t\t\t\t\t\t\t\t\t\t<img width=\"269\" height=\"84\" src=\"https:\/\/www.llopart.eu\/wp-content\/uploads\/2020\/04\/LOGO-11.jpg\" class=\"attachment-large size-large\" alt=\"\" loading=\"lazy\" \/>\t\t\t\t\t\t\t\t\t\t\t\t\t\t<\/div>\n\t\t\t\t\t\t<\/div>\n\t\t\t\t<\/div>\n\t\t\t\t<div class=\"elementor-element elementor-element-a2b5feb elementor-widget elementor-widget-image\" data-id=\"a2b5feb\" data-element_type=\"widget\" data-widget_type=\"image.default\">\n\t\t\t\t<div class=\"elementor-widget-container\">\n\t\t\t\t\t\t\t\t<div class=\"elementor-image\">\n\t\t\t\t\t\t\t\t\t\t\t\t<img src=\"https:\/\/www.llopart.eu\/wp-content\/uploads\/elementor\/thumbs\/foto-grande-6-onyde8bs7227dh6i62lz1kredwnvlwcq129yrtvhkc.jpg\" title=\"foto grande\" alt=\"foto grande\" \/>\t\t\t\t\t\t\t\t\t\t\t\t\t\t<\/div>\n\t\t\t\t\t\t<\/div>\n\t\t\t\t<\/div>\n\t\t\t\t\t\t<\/div>\n\t\t\t\t\t<\/div>\n\t\t<\/div>\n\t\t\t\t\t\t\t\t<\/div>\n\t\t\t\t\t<\/div>\n\t\t<\/section>\n\t\t\t\t<section class=\"elementor-section elementor-top-section elementor-element elementor-element-703fca3 elementor-section-stretched elementor-section-boxed elementor-section-height-default elementor-section-height-default\" data-id=\"703fca3\" data-element_type=\"section\" data-settings=\"{&quot;stretch_section&quot;:&quot;section-stretched&quot;}\">\n\t\t\t\t\t\t<div class=\"elementor-container elementor-column-gap-default\">\n\t\t\t\t\t\t\t<div class=\"elementor-row\">\n\t\t\t\t\t<div class=\"elementor-column elementor-col-33 elementor-top-column elementor-element elementor-element-cb4a2d3\" data-id=\"cb4a2d3\" data-element_type=\"column\">\n\t\t\t<div class=\"elementor-column-wrap elementor-element-populated\">\n\t\t\t\t\t\t\t<div class=\"elementor-widget-wrap\">\n\t\t\t\t\t\t<div class=\"elementor-element elementor-element-a98f6d2 elementor-widget elementor-widget-premium-addon-banner\" data-id=\"a98f6d2\" data-element_type=\"widget\" data-widget_type=\"premium-addon-banner.default\">\n\t\t\t\t<div class=\"elementor-widget-container\">\n\t\t\t\t\t<div id=\"premium-banner-a98f6d2\" class=\"premium-banner\">\r\n\t\t\t<div class=\"premium-banner-ib premium-banner-animation13 zoomin premium-banner-min-height\">\r\n\t\t\t\t\t\t\t\t\t\t\t\t\t\t\t\t\t\t\t<img width=\"362\" height=\"246\" src=\"https:\/\/www.llopart.eu\/wp-content\/uploads\/2020\/04\/foto-01-8.jpg\" class=\"attachment-full size-full\" alt=\"\" loading=\"lazy\" \/>\t\t\t\t\t\t\t\t\t\t\t\t\t<div class=\"premium-banner-ib-desc\">\r\n\t\t\t\t\t<div class=\"premium-banner-desc-centered\">\r\n\t\t\t\t\t\t<div class=\"premium-banner-title-wrap\"><h3 class=\"premium-banner-ib-title premium_banner_title\">SYNERBOT<\/h3><\/div>\t\t\t\t\t\t\t<div class=\"premium-banner-ib-content premium_banner_content\">\r\n\t\t\t\t\t\t\t\t<div >\r\n\t\t\t\t\t\t\t\t\t<ul><li><a href=\"https:\/\/www.galagarrobotics.com\/\" target=\"_blank\" rel=\"noopener\">Rob\u00f3tica<\/a><\/li><\/ul>\t\t\t\t\t\t\t\t<\/div>\r\n\t\t\t\t\t\t\t<\/div>\r\n\t\t\t\t\t\t\t\t\t\t\t\t\t\t\t\t\t<\/div>\r\n\t\t\t\t<\/div>\r\n\t\t\t\t\t\t\t<\/div>\r\n\t\t\t\t\t<\/div>\r\n\t\t\t\t<\/div>\n\t\t\t\t<\/div>\n\t\t\t\t\t\t<\/div>\n\t\t\t\t\t<\/div>\n\t\t<\/div>\n\t\t\t\t<div class=\"elementor-column elementor-col-33 elementor-top-column elementor-element elementor-element-26736be\" data-id=\"26736be\" data-element_type=\"column\">\n\t\t\t<div class=\"elementor-column-wrap elementor-element-populated\">\n\t\t\t\t\t\t\t<div class=\"elementor-widget-wrap\">\n\t\t\t\t\t\t<div class=\"elementor-element elementor-element-18e89b4 elementor-widget elementor-widget-premium-addon-banner\" data-id=\"18e89b4\" data-element_type=\"widget\" data-widget_type=\"premium-addon-banner.default\">\n\t\t\t\t<div class=\"elementor-widget-container\">\n\t\t\t\t\t<div id=\"premium-banner-18e89b4\" class=\"premium-banner\">\r\n\t\t\t<div class=\"premium-banner-ib premium-banner-animation13 zoomin premium-banner-min-height\">\r\n\t\t\t\t\t\t\t\t\t\t\t\t\t\t\t\t\t\t\t<img width=\"362\" height=\"246\" src=\"https:\/\/www.llopart.eu\/wp-content\/uploads\/2020\/04\/catalogo-11.jpg\" class=\"attachment-full size-full\" alt=\"\" loading=\"lazy\" \/>\t\t\t\t\t\t\t\t\t\t\t\t\t<div class=\"premium-banner-ib-desc\">\r\n\t\t\t\t\t<div class=\"premium-banner-desc-centered\">\r\n\t\t\t\t\t\t<div class=\"premium-banner-title-wrap\"><h3 class=\"premium-banner-ib-title premium_banner_title\"><\/h3><\/div>\t\t\t\t\t\t\t<div class=\"premium-banner-ib-content premium_banner_content\">\r\n\t\t\t\t\t\t\t\t<div >\r\n\t\t\t\t\t\t\t\t\t<ul><li><a href=\"https:\/\/www.llopart.eu\/wp-content\/uploads\/2020\/04\/Cat\u00e1logo-de-Productos-y-Servicios-2019.pdf\" target=\"_blank\" rel=\"noopener\">Descargar cat\u00e1logo<\/a><\/li><\/ul>\t\t\t\t\t\t\t\t<\/div>\r\n\t\t\t\t\t\t\t<\/div>\r\n\t\t\t\t\t\t\t\t\t\t\t\t\t\t\t\t\t<\/div>\r\n\t\t\t\t<\/div>\r\n\t\t\t\t\t\t\t<\/div>\r\n\t\t\t\t\t<\/div>\r\n\t\t\t\t<\/div>\n\t\t\t\t<\/div>\n\t\t\t\t\t\t<\/div>\n\t\t\t\t\t<\/div>\n\t\t<\/div>\n\t\t\t\t<div class=\"elementor-column elementor-col-33 elementor-top-column elementor-element elementor-element-a8961e4\" data-id=\"a8961e4\" data-element_type=\"column\">\n\t\t\t<div class=\"elementor-column-wrap elementor-element-populated\">\n\t\t\t\t\t\t\t<div class=\"elementor-widget-wrap\">\n\t\t\t\t\t\t<div class=\"elementor-element elementor-element-061c5c0 elementor-widget elementor-widget-premium-addon-banner\" data-id=\"061c5c0\" data-element_type=\"widget\" data-widget_type=\"premium-addon-banner.default\">\n\t\t\t\t<div class=\"elementor-widget-container\">\n\t\t\t\t\t<div id=\"premium-banner-061c5c0\" class=\"premium-banner\">\r\n\t\t\t<div class=\"premium-banner-ib premium-banner-animation13 zoomin premium-banner-min-height\">\r\n\t\t\t\t\t\t\t\t\t\t\t\t\t\t\t\t\t\t\t<img width=\"362\" height=\"246\" src=\"https:\/\/www.llopart.eu\/wp-content\/uploads\/2020\/04\/foto-02-6.jpg\" class=\"attachment-full size-full\" alt=\"\" loading=\"lazy\" \/>\t\t\t\t\t\t\t\t\t\t\t\t\t<div class=\"premium-banner-ib-desc\">\r\n\t\t\t\t\t<div class=\"premium-banner-desc-centered\">\r\n\t\t\t\t\t\t<div class=\"premium-banner-title-wrap\"><h3 class=\"premium-banner-ib-title premium_banner_title\">CANAL YOUTUBE<\/h3><\/div>\t\t\t\t\t\t\t<div class=\"premium-banner-ib-content premium_banner_content\">\r\n\t\t\t\t\t\t\t\t<div >\r\n\t\t\t\t\t\t\t\t\t<ul><li><a href=\"https:\/\/www.youtube.com\/user\/galagarsp\" target=\"_blank\" rel=\"noopener\">Ir al canal YOUTUBE de GALAGAR<\/a><\/li><\/ul>\t\t\t\t\t\t\t\t<\/div>\r\n\t\t\t\t\t\t\t<\/div>\r\n\t\t\t\t\t\t\t\t\t\t\t\t\t\t\t\t\t<\/div>\r\n\t\t\t\t<\/div>\r\n\t\t\t\t\t\t\t<\/div>\r\n\t\t\t\t\t<\/div>\r\n\t\t\t\t<\/div>\n\t\t\t\t<\/div>\n\t\t\t\t\t\t<\/div>\n\t\t\t\t\t<\/div>\n\t\t<\/div>\n\t\t\t\t\t\t\t\t<\/div>\n\t\t\t\t\t<\/div>\n\t\t<\/section>\n\t\t\t\t<section class=\"elementor-section elementor-top-section elementor-element elementor-element-02837b4 elementor-section-stretched elementor-section-full_width elementor-section-height-default elementor-section-height-default\" data-id=\"02837b4\" data-element_type=\"section\" data-settings=\"{&quot;stretch_section&quot;:&quot;section-stretched&quot;,&quot;background_background&quot;:&quot;classic&quot;}\">\n\t\t\t\t\t\t<div class=\"elementor-container elementor-column-gap-default\">\n\t\t\t\t\t\t\t<div class=\"elementor-row\">\n\t\t\t\t\t<div class=\"elementor-column elementor-col-50 elementor-top-column elementor-element elementor-element-396e661\" data-id=\"396e661\" data-element_type=\"column\">\n\t\t\t<div class=\"elementor-column-wrap elementor-element-populated\">\n\t\t\t\t\t\t\t<div class=\"elementor-widget-wrap\">\n\t\t\t\t\t\t<section class=\"elementor-section elementor-inner-section elementor-element elementor-element-288aec2 elementor-section-boxed elementor-section-height-default elementor-section-height-default\" data-id=\"288aec2\" data-element_type=\"section\">\n\t\t\t\t\t\t<div class=\"elementor-container elementor-column-gap-default\">\n\t\t\t\t\t\t\t<div class=\"elementor-row\">\n\t\t\t\t\t<div class=\"elementor-column elementor-col-50 elementor-inner-column elementor-element elementor-element-bfb5a55\" data-id=\"bfb5a55\" data-element_type=\"column\">\n\t\t\t<div class=\"elementor-column-wrap elementor-element-populated\">\n\t\t\t\t\t\t\t<div class=\"elementor-widget-wrap\">\n\t\t\t\t\t\t<div class=\"elementor-element elementor-element-6e58cff elementor-widget elementor-widget-text-editor\" data-id=\"6e58cff\" data-element_type=\"widget\" data-widget_type=\"text-editor.default\">\n\t\t\t\t<div class=\"elementor-widget-container\">\n\t\t\t\t\t\t\t\t<div class=\"elementor-text-editor elementor-clearfix\">\n\t\t\t\t<p>PRODUCTOS<\/p><ul><li><a href=\"https:\/\/www.llopart.eu\/index.php\/adhesivos-2\/\" target=\"_blank\" rel=\"noopener\">Adhesivos<\/a><\/li><li><a href=\"https:\/\/www.llopart.eu\/index.php\/elementos-normalizados\/\" target=\"_blank\" rel=\"noopener\">Elementos normalizados<\/a><\/li><li><a href=\"https:\/\/www.llopart.eu\/index.php\/herramientas-de-mano\/\" target=\"_blank\" rel=\"noopener\">Herramientas de mano<\/a><\/li><li><a href=\"https:\/\/www.llopart.eu\/index.php\/herramientas-electricas\/\" target=\"_blank\" rel=\"noopener\">Herramientas el\u00e9ctricas<\/a><\/li><li><a href=\"https:\/\/www.llopart.eu\/index.php\/lubricantes\/\" target=\"_blank\" rel=\"noopener\">Lubricantes<\/a><\/li><li><a href=\"https:\/\/www.llopart.eu\/index.php\/soldadura-4\/\" target=\"_blank\" rel=\"noopener\">Soldadura<\/a><\/li><li><a href=\"https:\/\/www.llopart.eu\/index.php\/tornilleria-5\/\" target=\"_blank\" rel=\"noopener\">Torniller\u00eda<\/a><\/li><\/ul>\t\t\t\t\t<\/div>\n\t\t\t\t\t\t<\/div>\n\t\t\t\t<\/div>\n\t\t\t\t\t\t<\/div>\n\t\t\t\t\t<\/div>\n\t\t<\/div>\n\t\t\t\t<div class=\"elementor-column elementor-col-50 elementor-inner-column elementor-element elementor-element-378061c\" data-id=\"378061c\" data-element_type=\"column\">\n\t\t\t<div class=\"elementor-column-wrap elementor-element-populated\">\n\t\t\t\t\t\t\t<div class=\"elementor-widget-wrap\">\n\t\t\t\t\t\t<div class=\"elementor-element elementor-element-87fd57b elementor-widget elementor-widget-text-editor\" data-id=\"87fd57b\" data-element_type=\"widget\" data-widget_type=\"text-editor.default\">\n\t\t\t\t<div class=\"elementor-widget-container\">\n\t\t\t\t\t\t\t\t<div class=\"elementor-text-editor elementor-clearfix\">\n\t\t\t\t<p style=\"text-align: left;\">NUESTRAS MARCAS<\/p><ul><li><a href=\"https:\/\/www.llopart.eu\/index.php\/bostik-4\/\" target=\"_blank\" rel=\"noopener\">Bostik<\/a><\/li><li><a href=\"https:\/\/www.llopart.eu\/index.php\/loctite-4\/\" target=\"_blank\" rel=\"noopener\">Loctite<\/a><\/li><li><a href=\"https:\/\/www.llopart.eu\/index.php\/pattex-3\/\" target=\"_blank\" rel=\"noopener\">Pattex<\/a><\/li><li><a href=\"https:\/\/www.llopart.eu\/index.php\/halder-4\/\" target=\"_blank\" rel=\"noopener\">Halder<\/a><\/li><li><a href=\"https:\/\/www.llopart.eu\/index.php\/norelem-4\/\" target=\"_blank\" rel=\"noopener\">Norelem<\/a><\/li><li><a href=\"https:\/\/www.llopart.eu\/index.php\/opac\/\" target=\"_blank\" rel=\"noopener\">Opac<\/a><\/li><li><a href=\"https:\/\/www.llopart.eu\/index.php\/bahco-2\/\" target=\"_blank\" rel=\"noopener\">Bahco<\/a><\/li><li><a href=\"https:\/\/www.llopart.eu\/index.php\/dogher-5\/\" target=\"_blank\" rel=\"noopener\">Dogher<\/a><\/li><li><a href=\"https:\/\/www.llopart.eu\/index.php\/facom-6\/\" target=\"_blank\" rel=\"noopener\">Facom<\/a><\/li><li><a href=\"https:\/\/www.llopart.eu\/index.php\/dewalt-4\/\" target=\"_blank\" rel=\"noopener\">Dewalt<\/a><\/li><li><a href=\"https:\/\/www.llopart.eu\/index.php\/metabo-5\/\" target=\"_blank\" rel=\"noopener\">Metabo<\/a><\/li><li><a href=\"https:\/\/www.llopart.eu\/index.php\/brugarolas-4\/\" target=\"_blank\" rel=\"noopener\">Brugarolas<\/a><\/li><li><a href=\"https:\/\/www.llopart.eu\/index.php\/fuchs-4\/\" target=\"_blank\" rel=\"noopener\">Fuch<\/a><\/li><li><a href=\"https:\/\/www.llopart.eu\/index.php\/galagar-4\/\" target=\"_blank\" rel=\"noopener\">Galagar<\/a><\/li><li><a href=\"https:\/\/www.llopart.eu\/index.php\/solgrup\/\" target=\"_blank\" rel=\"noopener\">Solgrup<\/a><\/li><li><a href=\"https:\/\/www.llopart.eu\/index.php\/holokrome\/\" target=\"_blank\" rel=\"noopener\">Holo-Krome<\/a><\/li><li><a href=\"https:\/\/www.llopart.eu\/index.php\/reyzabal\/\" target=\"_blank\" rel=\"noopener\">Reyzabal<\/a><\/li><li><a href=\"https:\/\/www.llopart.eu\/index.php\/unbrako\/\" target=\"_blank\" rel=\"noopener\">Unbrako<\/a><\/li><\/ul>\t\t\t\t\t<\/div>\n\t\t\t\t\t\t<\/div>\n\t\t\t\t<\/div>\n\t\t\t\t\t\t<\/div>\n\t\t\t\t\t<\/div>\n\t\t<\/div>\n\t\t\t\t\t\t\t\t<\/div>\n\t\t\t\t\t<\/div>\n\t\t<\/section>\n\t\t\t\t\t\t<\/div>\n\t\t\t\t\t<\/div>\n\t\t<\/div>\n\t\t\t\t<div class=\"elementor-column elementor-col-50 elementor-top-column elementor-element elementor-element-715b698\" data-id=\"715b698\" data-element_type=\"column\">\n\t\t\t<div class=\"elementor-column-wrap elementor-element-populated\">\n\t\t\t\t\t\t\t<div class=\"elementor-widget-wrap\">\n\t\t\t\t\t\t<div class=\"elementor-element elementor-element-bf76e69 elementor-widget elementor-widget-html\" data-id=\"bf76e69\" data-element_type=\"widget\" data-widget_type=\"html.default\">\n\t\t\t\t<div class=\"elementor-widget-container\">\n\t\t\t<iframe src=\"https:\/\/www.google.com\/maps\/embed?pb=!1m18!1m12!1m3!1d2994.5753054064126!2d1.9859258147960221!3d41.36158390555845!2m3!1f0!2f0!3f0!3m2!1i1024!2i768!4f13.1!3m3!1m2!1s0x12a484b52ab478f7%3A0xdd1291dedaffbfa9!2zQ2FuIEfDvGVsbCwgQXYuIERvbMOnYSBkZSBQcm92ZW7Dp2EsIDI2LCAwODYyOSwgQmFyY2Vsb25h!5e0!3m2!1ses!2ses!4v1640028547743!5m2!1ses!2ses\" width=\"600\" height=\"450\" style=\"border:0;\" allowfullscreen=\"\" loading=\"lazy\"><\/iframe>\t\t<\/div>\n\t\t\t\t<\/div>\n\t\t\t\t<div class=\"elementor-element elementor-element-ac4adac elementor-widget elementor-widget-heading\" data-id=\"ac4adac\" data-element_type=\"widget\" data-widget_type=\"heading.default\">\n\t\t\t\t<div class=\"elementor-widget-container\">\n\t\t\t<h1 class=\"elementor-heading-title elementor-size-small\">\u00a9 Llopart Subministraments Industrials\n\n\n<\/h1>\t\t<\/div>\n\t\t\t\t<\/div>\n\t\t\t\t<div class=\"elementor-element elementor-element-85c3c72 elementor-widget elementor-widget-heading\" data-id=\"85c3c72\" data-element_type=\"widget\" data-widget_type=\"heading.default\">\n\t\t\t\t<div class=\"elementor-widget-container\">\n\t\t\t<h1 class=\"elementor-heading-title elementor-size-small\">Av. Dol\u00e7a de Proven\u00e7a n\u00ba 26 Nave A\n\n08629 Torrelles de LLobregat Barcelona\n\n\n<\/h1>\t\t<\/div>\n\t\t\t\t<\/div>\n\t\t\t\t<div class=\"elementor-element elementor-element-5443f2f elementor-widget elementor-widget-heading\" data-id=\"5443f2f\" data-element_type=\"widget\" data-widget_type=\"heading.default\">\n\t\t\t\t<div class=\"elementor-widget-container\">\n\t\t\t<h1 class=\"elementor-heading-title elementor-size-small\"><a href=\"mailto:ventas@llopart.eu\">E-mail: ventas@llopart.eu\n\n<\/a><\/h1>\t\t<\/div>\n\t\t\t\t<\/div>\n\t\t\t\t<div class=\"elementor-element elementor-element-897aaab elementor-widget elementor-widget-heading\" data-id=\"897aaab\" data-element_type=\"widget\" data-widget_type=\"heading.default\">\n\t\t\t\t<div class=\"elementor-widget-container\">\n\t\t\t<h1 class=\"elementor-heading-title elementor-size-small\">Telf. 936 891 277 \/ 617 328 406\n\n\n<\/h1>\t\t<\/div>\n\t\t\t\t<\/div>\n\t\t\t\t\t\t<\/div>\n\t\t\t\t\t<\/div>\n\t\t<\/div>\n\t\t\t\t\t\t\t\t<\/div>\n\t\t\t\t\t<\/div>\n\t\t<\/section>\n\t\t\t\t\t\t<\/div>\n\t\t\t\t\t\t<\/div>\n\t\t\t\t\t<\/div>\n\t\t","protected":false},"excerpt":{"rendered":"<p>productos de soldadura INDUSTRIA PRODUCTOS Equipos de soldadura el\u00e9ctrica y antorchas Carros de soldadura y oxicorte CNC , posicionadores y vibradores Aspiraci\u00f3n de humos Protecci\u00f3n ocular y respiratoria Soldadura de pernos Tratamiento superficial de acero inoxidable Consumibles SYNERBOT Rob\u00f3tica Descargar cat\u00e1logo CANAL YOUTUBE Ir al canal YOUTUBE de GALAGAR PRODUCTOS Adhesivos Elementos normalizados Herramientas de [&hellip;]<\/p>\n","protected":false},"author":1,"featured_media":0,"parent":0,"menu_order":0,"comment_status":"closed","ping_status":"closed","template":"","meta":{"_monsterinsights_skip_tracking":false,"_monsterinsights_sitenote_active":false,"_monsterinsights_sitenote_note":"","_monsterinsights_sitenote_category":0},"_links":{"self":[{"href":"https:\/\/www.llopart.eu\/index.php\/wp-json\/wp\/v2\/pages\/694"}],"collection":[{"href":"https:\/\/www.llopart.eu\/index.php\/wp-json\/wp\/v2\/pages"}],"about":[{"href":"https:\/\/www.llopart.eu\/index.php\/wp-json\/wp\/v2\/types\/page"}],"author":[{"embeddable":true,"href":"https:\/\/www.llopart.eu\/index.php\/wp-json\/wp\/v2\/users\/1"}],"replies":[{"embeddable":true,"href":"https:\/\/www.llopart.eu\/index.php\/wp-json\/wp\/v2\/comments?post=694"}],"version-history":[{"count":22,"href":"https:\/\/www.llopart.eu\/index.php\/wp-json\/wp\/v2\/pages\/694\/revisions"}],"predecessor-version":[{"id":2179,"href":"https:\/\/www.llopart.eu\/index.php\/wp-json\/wp\/v2\/pages\/694\/revisions\/2179"}],"wp:attachment":[{"href":"https:\/\/www.llopart.eu\/index.php\/wp-json\/wp\/v2\/media?parent=694"}],"curies":[{"name":"wp","href":"https:\/\/api.w.org\/{rel}","templated":true}]}}