{"id":673,"date":"2020-04-08T13:05:12","date_gmt":"2020-04-08T11:05:12","guid":{"rendered":"https:\/\/www.llopart.eu\/?page_id=673"},"modified":"2021-12-20T20:36:38","modified_gmt":"2021-12-20T19:36:38","slug":"dewalt-4","status":"publish","type":"page","link":"https:\/\/www.llopart.eu\/index.php\/dewalt-4\/","title":{"rendered":"DEWALT"},"content":{"rendered":"\t\t<div data-elementor-type=\"wp-page\" data-elementor-id=\"673\" class=\"elementor elementor-673\" data-elementor-settings=\"[]\">\n\t\t\t\t\t\t<div class=\"elementor-inner\">\n\t\t\t\t\t\t\t<div class=\"elementor-section-wrap\">\n\t\t\t\t\t\t\t<section class=\"elementor-section elementor-top-section elementor-element elementor-element-295d113 elementor-section-content-middle elementor-section-stretched elementor-section-boxed elementor-section-height-default elementor-section-height-default\" data-id=\"295d113\" data-element_type=\"section\" data-settings=\"{&quot;stretch_section&quot;:&quot;section-stretched&quot;,&quot;background_background&quot;:&quot;classic&quot;}\">\n\t\t\t\t\t\t<div class=\"elementor-container elementor-column-gap-default\">\n\t\t\t\t\t\t\t<div class=\"elementor-row\">\n\t\t\t\t\t<div class=\"elementor-column elementor-col-50 elementor-top-column elementor-element elementor-element-e65367f\" data-id=\"e65367f\" data-element_type=\"column\">\n\t\t\t<div class=\"elementor-column-wrap elementor-element-populated\">\n\t\t\t\t\t\t\t<div class=\"elementor-widget-wrap\">\n\t\t\t\t\t\t<div class=\"elementor-element elementor-element-e4f81c5 elementor-widget elementor-widget-heading\" data-id=\"e4f81c5\" data-element_type=\"widget\" data-settings=\"{&quot;_animation_mobile&quot;:&quot;none&quot;}\" data-widget_type=\"heading.default\">\n\t\t\t\t<div class=\"elementor-widget-container\">\n\t\t\t<h3 class=\"elementor-heading-title elementor-size-default\">Herramienta el\u00e9ctricas<\/h3>\t\t<\/div>\n\t\t\t\t<\/div>\n\t\t\t\t<div class=\"elementor-element elementor-element-cbfebb9 elementor-widget elementor-widget-heading\" data-id=\"cbfebb9\" data-element_type=\"widget\" data-widget_type=\"heading.default\">\n\t\t\t\t<div class=\"elementor-widget-container\">\n\t\t\t<h1 class=\"elementor-heading-title elementor-size-default\">INDUSTRIA <\/h1>\t\t<\/div>\n\t\t\t\t<\/div>\n\t\t\t\t<div class=\"elementor-element elementor-element-0d28f64 elementor-widget elementor-widget-text-editor\" data-id=\"0d28f64\" data-element_type=\"widget\" data-widget_type=\"text-editor.default\">\n\t\t\t\t<div class=\"elementor-widget-container\">\n\t\t\t\t\t\t\t\t<div class=\"elementor-text-editor elementor-clearfix\">\n\t\t\t\t<p>PRODUCTOS<\/p><ul><li><a href=\"https:\/\/www.llopart.eu\/wp-content\/uploads\/2020\/04\/01-herramientas-electricas.pdf\" target=\"_blank\" rel=\"noopener\">Herramientas el\u00e9ctricas<\/a><\/li><li><a href=\"https:\/\/www.llopart.eu\/wp-content\/uploads\/2020\/04\/02-instrumentos-laser.pdf\" target=\"_blank\" rel=\"noopener\">Instrumentos l\u00e1ser<\/a><\/li><li><a href=\"https:\/\/www.llopart.eu\/wp-content\/uploads\/2020\/04\/03-herramientas-de-jardin.pdf\" target=\"_blank\" rel=\"noopener\">Herramientas de jard\u00edn<\/a><\/li><li><a href=\"https:\/\/www.llopart.eu\/wp-content\/uploads\/2020\/04\/04-almacenaje.pdf\" target=\"_blank\" rel=\"noopener\">Almacenaje<\/a><\/li><li><a href=\"https:\/\/www.llopart.eu\/wp-content\/uploads\/2020\/04\/05-accesorios.pdf\" target=\"_blank\" rel=\"noopener\">Accesorios<\/a><\/li><\/ul>\t\t\t\t\t<\/div>\n\t\t\t\t\t\t<\/div>\n\t\t\t\t<\/div>\n\t\t\t\t\t\t<\/div>\n\t\t\t\t\t<\/div>\n\t\t<\/div>\n\t\t\t\t<div class=\"elementor-column elementor-col-50 elementor-top-column elementor-element elementor-element-9d9098b\" data-id=\"9d9098b\" data-element_type=\"column\" data-settings=\"{&quot;background_background&quot;:&quot;classic&quot;}\">\n\t\t\t<div class=\"elementor-column-wrap elementor-element-populated\">\n\t\t\t\t\t\t\t<div class=\"elementor-widget-wrap\">\n\t\t\t\t\t\t<div class=\"elementor-element elementor-element-779e27c elementor-widget elementor-widget-image\" data-id=\"779e27c\" data-element_type=\"widget\" data-widget_type=\"image.default\">\n\t\t\t\t<div class=\"elementor-widget-container\">\n\t\t\t\t\t\t\t\t<div class=\"elementor-image\">\n\t\t\t\t\t\t\t\t\t\t\t\t<img width=\"350\" height=\"108\" src=\"https:\/\/www.llopart.eu\/wp-content\/uploads\/2020\/04\/logo-8.jpg\" class=\"attachment-large size-large\" alt=\"\" loading=\"lazy\" srcset=\"https:\/\/www.llopart.eu\/wp-content\/uploads\/2020\/04\/logo-8.jpg 350w, https:\/\/www.llopart.eu\/wp-content\/uploads\/2020\/04\/logo-8-300x93.jpg 300w\" sizes=\"(max-width: 350px) 100vw, 350px\" \/>\t\t\t\t\t\t\t\t\t\t\t\t\t\t<\/div>\n\t\t\t\t\t\t<\/div>\n\t\t\t\t<\/div>\n\t\t\t\t<div class=\"elementor-element elementor-element-4857e14 elementor-widget elementor-widget-image\" data-id=\"4857e14\" data-element_type=\"widget\" data-widget_type=\"image.default\">\n\t\t\t\t<div class=\"elementor-widget-container\">\n\t\t\t\t\t\t\t\t<div class=\"elementor-image\">\n\t\t\t\t\t\t\t\t\t\t\t\t<img width=\"632\" height=\"589\" src=\"https:\/\/www.llopart.eu\/wp-content\/uploads\/2020\/04\/foto-grande-3.jpg\" class=\"attachment-large size-large\" alt=\"\" loading=\"lazy\" srcset=\"https:\/\/www.llopart.eu\/wp-content\/uploads\/2020\/04\/foto-grande-3.jpg 632w, https:\/\/www.llopart.eu\/wp-content\/uploads\/2020\/04\/foto-grande-3-300x280.jpg 300w\" sizes=\"(max-width: 632px) 100vw, 632px\" \/>\t\t\t\t\t\t\t\t\t\t\t\t\t\t<\/div>\n\t\t\t\t\t\t<\/div>\n\t\t\t\t<\/div>\n\t\t\t\t\t\t<\/div>\n\t\t\t\t\t<\/div>\n\t\t<\/div>\n\t\t\t\t\t\t\t\t<\/div>\n\t\t\t\t\t<\/div>\n\t\t<\/section>\n\t\t\t\t<section class=\"elementor-section elementor-top-section elementor-element elementor-element-2fa59e8 elementor-section-stretched elementor-section-boxed elementor-section-height-default elementor-section-height-default\" data-id=\"2fa59e8\" data-element_type=\"section\" data-settings=\"{&quot;stretch_section&quot;:&quot;section-stretched&quot;}\">\n\t\t\t\t\t\t<div class=\"elementor-container elementor-column-gap-default\">\n\t\t\t\t\t\t\t<div class=\"elementor-row\">\n\t\t\t\t\t<div class=\"elementor-column elementor-col-33 elementor-top-column elementor-element elementor-element-dade0fa\" data-id=\"dade0fa\" data-element_type=\"column\">\n\t\t\t<div class=\"elementor-column-wrap elementor-element-populated\">\n\t\t\t\t\t\t\t<div class=\"elementor-widget-wrap\">\n\t\t\t\t\t\t<div class=\"elementor-element elementor-element-90b09fd elementor-widget elementor-widget-premium-addon-banner\" data-id=\"90b09fd\" data-element_type=\"widget\" data-widget_type=\"premium-addon-banner.default\">\n\t\t\t\t<div class=\"elementor-widget-container\">\n\t\t\t\t\t<div id=\"premium-banner-90b09fd\" class=\"premium-banner\">\r\n\t\t\t<div class=\"premium-banner-ib premium-banner-animation13 zoomin premium-banner-min-height\">\r\n\t\t\t\t\t\t\t\t\t\t\t\t\t\t\t\t\t\t\t<img width=\"362\" height=\"246\" src=\"https:\/\/www.llopart.eu\/wp-content\/uploads\/2020\/04\/foto-02-2.jpg\" class=\"attachment-full size-full\" alt=\"\" loading=\"lazy\" \/>\t\t\t\t\t\t\t\t\t\t\t\t\t<div class=\"premium-banner-ib-desc\">\r\n\t\t\t\t\t<div class=\"premium-banner-desc-centered\">\r\n\t\t\t\t\t\t<div class=\"premium-banner-title-wrap\"><h3 class=\"premium-banner-ib-title premium_banner_title\">V\u00cdDEOS DEWALT<\/h3><\/div>\t\t\t\t\t\t\t<div class=\"premium-banner-ib-content premium_banner_content\">\r\n\t\t\t\t\t\t\t\t<div >\r\n\t\t\t\t\t\t\t\t\t<ul><li><a href=\"https:\/\/www.dewalt.es\/servicios\/videos.html\" target=\"_blank\" rel=\"noopener\">Ir a v\u00eddeos DEWALT<\/a><\/li><\/ul>\t\t\t\t\t\t\t\t<\/div>\r\n\t\t\t\t\t\t\t<\/div>\r\n\t\t\t\t\t\t\t\t\t\t\t\t\t\t\t\t\t<\/div>\r\n\t\t\t\t<\/div>\r\n\t\t\t\t\t\t\t<\/div>\r\n\t\t\t\t\t<\/div>\r\n\t\t\t\t<\/div>\n\t\t\t\t<\/div>\n\t\t\t\t\t\t<\/div>\n\t\t\t\t\t<\/div>\n\t\t<\/div>\n\t\t\t\t<div class=\"elementor-column elementor-col-33 elementor-top-column elementor-element elementor-element-e556a34\" data-id=\"e556a34\" data-element_type=\"column\">\n\t\t\t<div class=\"elementor-column-wrap elementor-element-populated\">\n\t\t\t\t\t\t\t<div class=\"elementor-widget-wrap\">\n\t\t\t\t\t\t<div class=\"elementor-element elementor-element-9d6a1cd elementor-widget elementor-widget-premium-addon-banner\" data-id=\"9d6a1cd\" data-element_type=\"widget\" data-widget_type=\"premium-addon-banner.default\">\n\t\t\t\t<div class=\"elementor-widget-container\">\n\t\t\t\t\t<div id=\"premium-banner-9d6a1cd\" class=\"premium-banner\">\r\n\t\t\t<div class=\"premium-banner-ib premium-banner-animation13 zoomin premium-banner-min-height\">\r\n\t\t\t\t\t\t\t\t\t\t\t\t\t\t\t\t\t\t\t<img width=\"362\" height=\"246\" src=\"https:\/\/www.llopart.eu\/wp-content\/uploads\/2020\/04\/catalogo-7.jpg\" class=\"attachment-full size-full\" alt=\"\" loading=\"lazy\" \/>\t\t\t\t\t\t\t\t\t\t\t\t\t<div class=\"premium-banner-ib-desc\">\r\n\t\t\t\t\t<div class=\"premium-banner-desc-centered\">\r\n\t\t\t\t\t\t<div class=\"premium-banner-title-wrap\"><h3 class=\"premium-banner-ib-title premium_banner_title\">CAT\u00c1LOGO<\/h3><\/div>\t\t\t\t\t\t\t<div class=\"premium-banner-ib-content premium_banner_content\">\r\n\t\t\t\t\t\t\t\t<div >\r\n\t\t\t\t\t\t\t\t\t<ul><li><a href=\"https:\/\/www.llopart.eu\/wp-content\/uploads\/2020\/04\/DW-CATALOGO-2020-ES.pdf\" target=\"_blank\" rel=\"noopener\">Descargar cat\u00e1logo-tarifa<\/a><\/li><\/ul>\t\t\t\t\t\t\t\t<\/div>\r\n\t\t\t\t\t\t\t<\/div>\r\n\t\t\t\t\t\t\t\t\t\t\t\t\t\t\t\t\t<\/div>\r\n\t\t\t\t<\/div>\r\n\t\t\t\t\t\t\t<\/div>\r\n\t\t\t\t\t<\/div>\r\n\t\t\t\t<\/div>\n\t\t\t\t<\/div>\n\t\t\t\t\t\t<\/div>\n\t\t\t\t\t<\/div>\n\t\t<\/div>\n\t\t\t\t<div class=\"elementor-column elementor-col-33 elementor-top-column elementor-element elementor-element-027fcae\" data-id=\"027fcae\" data-element_type=\"column\">\n\t\t\t<div class=\"elementor-column-wrap elementor-element-populated\">\n\t\t\t\t\t\t\t<div class=\"elementor-widget-wrap\">\n\t\t\t\t\t\t<div class=\"elementor-element elementor-element-507b638 elementor-widget elementor-widget-premium-addon-banner\" data-id=\"507b638\" data-element_type=\"widget\" data-widget_type=\"premium-addon-banner.default\">\n\t\t\t\t<div class=\"elementor-widget-container\">\n\t\t\t\t\t<div id=\"premium-banner-507b638\" class=\"premium-banner\">\r\n\t\t\t<div class=\"premium-banner-ib premium-banner-animation13 zoomin premium-banner-min-height\">\r\n\t\t\t\t\t\t\t\t\t\t\t\t\t\t\t\t\t\t\t<img width=\"362\" height=\"246\" src=\"https:\/\/www.llopart.eu\/wp-content\/uploads\/2020\/04\/foto-01-4.jpg\" class=\"attachment-full size-full\" alt=\"\" loading=\"lazy\" \/>\t\t\t\t\t\t\t\t\t\t\t\t\t<div class=\"premium-banner-ib-desc\">\r\n\t\t\t\t\t<div class=\"premium-banner-desc-centered\">\r\n\t\t\t\t\t\t<div class=\"premium-banner-title-wrap\"><h3 class=\"premium-banner-ib-title premium_banner_title\">HERRAMIENTAS Y ACCESORIOS<\/h3><\/div>\t\t\t\t\t\t\t<div class=\"premium-banner-ib-content premium_banner_content\">\r\n\t\t\t\t\t\t\t\t<div >\r\n\t\t\t\t\t\t\t\t\t<ul><li><a href=\"https:\/\/productos.dewalt.es\/#_ga=2.93769437.1920154031.1586946108-300336588.1586421187\" target=\"_blank\" rel=\"noopener\">Ir a herramientas y accesorios<\/a><\/li><\/ul>\t\t\t\t\t\t\t\t<\/div>\r\n\t\t\t\t\t\t\t<\/div>\r\n\t\t\t\t\t\t\t\t\t\t\t\t\t\t\t\t\t<\/div>\r\n\t\t\t\t<\/div>\r\n\t\t\t\t\t\t\t<\/div>\r\n\t\t\t\t\t<\/div>\r\n\t\t\t\t<\/div>\n\t\t\t\t<\/div>\n\t\t\t\t\t\t<\/div>\n\t\t\t\t\t<\/div>\n\t\t<\/div>\n\t\t\t\t\t\t\t\t<\/div>\n\t\t\t\t\t<\/div>\n\t\t<\/section>\n\t\t\t\t<section class=\"elementor-section elementor-top-section elementor-element elementor-element-c31faa0 elementor-section-stretched elementor-section-full_width elementor-section-height-default elementor-section-height-default\" data-id=\"c31faa0\" data-element_type=\"section\" data-settings=\"{&quot;stretch_section&quot;:&quot;section-stretched&quot;,&quot;background_background&quot;:&quot;classic&quot;}\">\n\t\t\t\t\t\t<div class=\"elementor-container elementor-column-gap-default\">\n\t\t\t\t\t\t\t<div class=\"elementor-row\">\n\t\t\t\t\t<div class=\"elementor-column elementor-col-50 elementor-top-column elementor-element elementor-element-927bf5d\" data-id=\"927bf5d\" data-element_type=\"column\">\n\t\t\t<div class=\"elementor-column-wrap elementor-element-populated\">\n\t\t\t\t\t\t\t<div class=\"elementor-widget-wrap\">\n\t\t\t\t\t\t<section class=\"elementor-section elementor-inner-section elementor-element elementor-element-b97477d elementor-section-boxed elementor-section-height-default elementor-section-height-default\" data-id=\"b97477d\" data-element_type=\"section\">\n\t\t\t\t\t\t<div class=\"elementor-container elementor-column-gap-default\">\n\t\t\t\t\t\t\t<div class=\"elementor-row\">\n\t\t\t\t\t<div class=\"elementor-column elementor-col-50 elementor-inner-column elementor-element elementor-element-09ef504\" data-id=\"09ef504\" data-element_type=\"column\">\n\t\t\t<div class=\"elementor-column-wrap elementor-element-populated\">\n\t\t\t\t\t\t\t<div class=\"elementor-widget-wrap\">\n\t\t\t\t\t\t<div class=\"elementor-element elementor-element-a67de42 elementor-widget elementor-widget-text-editor\" data-id=\"a67de42\" data-element_type=\"widget\" data-widget_type=\"text-editor.default\">\n\t\t\t\t<div class=\"elementor-widget-container\">\n\t\t\t\t\t\t\t\t<div class=\"elementor-text-editor elementor-clearfix\">\n\t\t\t\t<p>PRODUCTOS<\/p><ul><li><a href=\"https:\/\/www.llopart.eu\/index.php\/adhesivos-2\/\" target=\"_blank\" rel=\"noopener\">Adhesivos<\/a><\/li><li><a href=\"https:\/\/www.llopart.eu\/index.php\/elementos-normalizados\/\" target=\"_blank\" rel=\"noopener\">Elementos normalizados<\/a><\/li><li><a href=\"https:\/\/www.llopart.eu\/index.php\/herramientas-de-mano\/\" target=\"_blank\" rel=\"noopener\">Herramientas de mano<\/a><\/li><li><a href=\"https:\/\/www.llopart.eu\/index.php\/herramientas-electricas\/\" target=\"_blank\" rel=\"noopener\">Herramientas el\u00e9ctricas<\/a><\/li><li><a href=\"https:\/\/www.llopart.eu\/index.php\/lubricantes\/\" target=\"_blank\" rel=\"noopener\">Lubricantes<\/a><\/li><li><a href=\"https:\/\/www.llopart.eu\/index.php\/soldadura-4\/\" target=\"_blank\" rel=\"noopener\">Soldadura<\/a><\/li><li><a href=\"https:\/\/www.llopart.eu\/index.php\/tornilleria-5\/\" target=\"_blank\" rel=\"noopener\">Torniller\u00eda<\/a><\/li><\/ul>\t\t\t\t\t<\/div>\n\t\t\t\t\t\t<\/div>\n\t\t\t\t<\/div>\n\t\t\t\t\t\t<\/div>\n\t\t\t\t\t<\/div>\n\t\t<\/div>\n\t\t\t\t<div class=\"elementor-column elementor-col-50 elementor-inner-column elementor-element elementor-element-3ff2212\" data-id=\"3ff2212\" data-element_type=\"column\">\n\t\t\t<div class=\"elementor-column-wrap elementor-element-populated\">\n\t\t\t\t\t\t\t<div class=\"elementor-widget-wrap\">\n\t\t\t\t\t\t<div class=\"elementor-element elementor-element-606765f elementor-widget elementor-widget-text-editor\" data-id=\"606765f\" data-element_type=\"widget\" data-widget_type=\"text-editor.default\">\n\t\t\t\t<div class=\"elementor-widget-container\">\n\t\t\t\t\t\t\t\t<div class=\"elementor-text-editor elementor-clearfix\">\n\t\t\t\t<p style=\"text-align: left;\">NUESTRAS MARCAS<\/p><ul><li><a href=\"https:\/\/www.llopart.eu\/index.php\/bostik-4\/\" target=\"_blank\" rel=\"noopener\">Bostik<\/a><\/li><li><a href=\"https:\/\/www.llopart.eu\/index.php\/loctite-4\/\" target=\"_blank\" rel=\"noopener\">Loctite<\/a><\/li><li><a href=\"https:\/\/www.llopart.eu\/index.php\/pattex-3\/\" target=\"_blank\" rel=\"noopener\">Pattex<\/a><\/li><li><a href=\"https:\/\/www.llopart.eu\/index.php\/halder-4\/\" target=\"_blank\" rel=\"noopener\">Halder<\/a><\/li><li><a href=\"https:\/\/www.llopart.eu\/index.php\/norelem-4\/\" target=\"_blank\" rel=\"noopener\">Norelem<\/a><\/li><li><a href=\"https:\/\/www.llopart.eu\/index.php\/opac\/\" target=\"_blank\" rel=\"noopener\">Opac<\/a><\/li><li><a href=\"https:\/\/www.llopart.eu\/index.php\/bahco-2\/\" target=\"_blank\" rel=\"noopener\">Bahco<\/a><\/li><li><a href=\"https:\/\/www.llopart.eu\/index.php\/dogher-5\/\" target=\"_blank\" rel=\"noopener\">Dogher<\/a><\/li><li><a href=\"https:\/\/www.llopart.eu\/index.php\/facom-6\/\" target=\"_blank\" rel=\"noopener\">Facom<\/a><\/li><li><a href=\"https:\/\/www.llopart.eu\/index.php\/dewalt-4\/\" target=\"_blank\" rel=\"noopener\">Dewalt<\/a><\/li><li><a href=\"https:\/\/www.llopart.eu\/index.php\/metabo-5\/\" target=\"_blank\" rel=\"noopener\">Metabo<\/a><\/li><li><a href=\"https:\/\/www.llopart.eu\/index.php\/brugarolas-4\/\" target=\"_blank\" rel=\"noopener\">Brugarolas<\/a><\/li><li><a href=\"https:\/\/www.llopart.eu\/index.php\/fuchs-4\/\" target=\"_blank\" rel=\"noopener\">Fuch<\/a><\/li><li><a href=\"https:\/\/www.llopart.eu\/index.php\/galagar-4\/\" target=\"_blank\" rel=\"noopener\">Galagar<\/a><\/li><li><a href=\"https:\/\/www.llopart.eu\/index.php\/solgrup\/\" target=\"_blank\" rel=\"noopener\">Solgrup<\/a><\/li><li><a href=\"https:\/\/www.llopart.eu\/index.php\/holokrome\/\" target=\"_blank\" rel=\"noopener\">Holo-Krome<\/a><\/li><li><a href=\"https:\/\/www.llopart.eu\/index.php\/reyzabal\/\" target=\"_blank\" rel=\"noopener\">Reyzabal<\/a><\/li><li><a href=\"https:\/\/www.llopart.eu\/index.php\/unbrako\/\" target=\"_blank\" rel=\"noopener\">Unbrako<\/a><\/li><\/ul>\t\t\t\t\t<\/div>\n\t\t\t\t\t\t<\/div>\n\t\t\t\t<\/div>\n\t\t\t\t\t\t<\/div>\n\t\t\t\t\t<\/div>\n\t\t<\/div>\n\t\t\t\t\t\t\t\t<\/div>\n\t\t\t\t\t<\/div>\n\t\t<\/section>\n\t\t\t\t\t\t<\/div>\n\t\t\t\t\t<\/div>\n\t\t<\/div>\n\t\t\t\t<div class=\"elementor-column elementor-col-50 elementor-top-column elementor-element elementor-element-f895a94\" data-id=\"f895a94\" data-element_type=\"column\">\n\t\t\t<div class=\"elementor-column-wrap elementor-element-populated\">\n\t\t\t\t\t\t\t<div class=\"elementor-widget-wrap\">\n\t\t\t\t\t\t<div class=\"elementor-element elementor-element-1b4d250 elementor-widget elementor-widget-html\" data-id=\"1b4d250\" data-element_type=\"widget\" data-widget_type=\"html.default\">\n\t\t\t\t<div class=\"elementor-widget-container\">\n\t\t\t<iframe src=\"https:\/\/www.google.com\/maps\/embed?pb=!1m18!1m12!1m3!1d2994.5753054064126!2d1.9859258147960221!3d41.36158390555845!2m3!1f0!2f0!3f0!3m2!1i1024!2i768!4f13.1!3m3!1m2!1s0x12a484b52ab478f7%3A0xdd1291dedaffbfa9!2zQ2FuIEfDvGVsbCwgQXYuIERvbMOnYSBkZSBQcm92ZW7Dp2EsIDI2LCAwODYyOSwgQmFyY2Vsb25h!5e0!3m2!1ses!2ses!4v1640028547743!5m2!1ses!2ses\" width=\"600\" height=\"450\" style=\"border:0;\" allowfullscreen=\"\" loading=\"lazy\"><\/iframe>\t\t<\/div>\n\t\t\t\t<\/div>\n\t\t\t\t<div class=\"elementor-element elementor-element-c117964 elementor-widget elementor-widget-heading\" data-id=\"c117964\" data-element_type=\"widget\" data-widget_type=\"heading.default\">\n\t\t\t\t<div class=\"elementor-widget-container\">\n\t\t\t<h1 class=\"elementor-heading-title elementor-size-small\">\u00a9 Llopart Subministraments Industrials\n\n\n<\/h1>\t\t<\/div>\n\t\t\t\t<\/div>\n\t\t\t\t<div class=\"elementor-element elementor-element-654fb57 elementor-widget elementor-widget-heading\" data-id=\"654fb57\" data-element_type=\"widget\" data-widget_type=\"heading.default\">\n\t\t\t\t<div class=\"elementor-widget-container\">\n\t\t\t<h1 class=\"elementor-heading-title elementor-size-small\">Av. Dol\u00e7a de Proven\u00e7a n\u00ba 26 Nave A\n\n08629 Torrelles de LLobregat Barcelona\n\n\n<\/h1>\t\t<\/div>\n\t\t\t\t<\/div>\n\t\t\t\t<div class=\"elementor-element elementor-element-ccee04d elementor-widget elementor-widget-heading\" data-id=\"ccee04d\" data-element_type=\"widget\" data-widget_type=\"heading.default\">\n\t\t\t\t<div class=\"elementor-widget-container\">\n\t\t\t<h1 class=\"elementor-heading-title elementor-size-small\"><a href=\"mailto:ventas@llopart.eu\">E-mail: ventas@llopart.eu\n\n<\/a><\/h1>\t\t<\/div>\n\t\t\t\t<\/div>\n\t\t\t\t<div class=\"elementor-element elementor-element-ac3ae80 elementor-widget elementor-widget-heading\" data-id=\"ac3ae80\" data-element_type=\"widget\" data-widget_type=\"heading.default\">\n\t\t\t\t<div class=\"elementor-widget-container\">\n\t\t\t<h1 class=\"elementor-heading-title elementor-size-small\">Telf. 936 891 277 \/ 617 328 406\n\n\n<\/h1>\t\t<\/div>\n\t\t\t\t<\/div>\n\t\t\t\t\t\t<\/div>\n\t\t\t\t\t<\/div>\n\t\t<\/div>\n\t\t\t\t\t\t\t\t<\/div>\n\t\t\t\t\t<\/div>\n\t\t<\/section>\n\t\t\t\t\t\t<\/div>\n\t\t\t\t\t\t<\/div>\n\t\t\t\t\t<\/div>\n\t\t","protected":false},"excerpt":{"rendered":"<p>Herramienta el\u00e9ctricas INDUSTRIA PRODUCTOS Herramientas el\u00e9ctricas Instrumentos l\u00e1ser Herramientas de jard\u00edn Almacenaje Accesorios V\u00cdDEOS DEWALT Ir a v\u00eddeos DEWALT CAT\u00c1LOGO Descargar cat\u00e1logo-tarifa HERRAMIENTAS Y ACCESORIOS Ir a herramientas y accesorios PRODUCTOS Adhesivos Elementos normalizados Herramientas de mano Herramientas el\u00e9ctricas Lubricantes Soldadura Torniller\u00eda NUESTRAS MARCAS Bostik Loctite Pattex Halder Norelem Opac Bahco Dogher Facom Dewalt Metabo [&hellip;]<\/p>\n","protected":false},"author":1,"featured_media":0,"parent":0,"menu_order":0,"comment_status":"closed","ping_status":"closed","template":"","meta":{"_monsterinsights_skip_tracking":false,"_monsterinsights_sitenote_active":false,"_monsterinsights_sitenote_note":"","_monsterinsights_sitenote_category":0},"_links":{"self":[{"href":"https:\/\/www.llopart.eu\/index.php\/wp-json\/wp\/v2\/pages\/673"}],"collection":[{"href":"https:\/\/www.llopart.eu\/index.php\/wp-json\/wp\/v2\/pages"}],"about":[{"href":"https:\/\/www.llopart.eu\/index.php\/wp-json\/wp\/v2\/types\/page"}],"author":[{"embeddable":true,"href":"https:\/\/www.llopart.eu\/index.php\/wp-json\/wp\/v2\/users\/1"}],"replies":[{"embeddable":true,"href":"https:\/\/www.llopart.eu\/index.php\/wp-json\/wp\/v2\/comments?post=673"}],"version-history":[{"count":21,"href":"https:\/\/www.llopart.eu\/index.php\/wp-json\/wp\/v2\/pages\/673\/revisions"}],"predecessor-version":[{"id":2164,"href":"https:\/\/www.llopart.eu\/index.php\/wp-json\/wp\/v2\/pages\/673\/revisions\/2164"}],"wp:attachment":[{"href":"https:\/\/www.llopart.eu\/index.php\/wp-json\/wp\/v2\/media?parent=673"}],"curies":[{"name":"wp","href":"https:\/\/api.w.org\/{rel}","templated":true}]}}