{"id":661,"date":"2020-04-08T13:03:48","date_gmt":"2020-04-08T11:03:48","guid":{"rendered":"https:\/\/www.llopart.eu\/?page_id=661"},"modified":"2021-12-20T20:40:04","modified_gmt":"2021-12-20T19:40:04","slug":"facom-6","status":"publish","type":"page","link":"https:\/\/www.llopart.eu\/index.php\/facom-6\/","title":{"rendered":"FACOM"},"content":{"rendered":"\t\t<div data-elementor-type=\"wp-page\" data-elementor-id=\"661\" class=\"elementor elementor-661\" data-elementor-settings=\"[]\">\n\t\t\t\t\t\t<div class=\"elementor-inner\">\n\t\t\t\t\t\t\t<div class=\"elementor-section-wrap\">\n\t\t\t\t\t\t\t<section class=\"elementor-section elementor-top-section elementor-element elementor-element-7be31fe elementor-section-content-middle elementor-section-stretched elementor-section-boxed elementor-section-height-default elementor-section-height-default\" data-id=\"7be31fe\" data-element_type=\"section\" data-settings=\"{&quot;stretch_section&quot;:&quot;section-stretched&quot;,&quot;background_background&quot;:&quot;classic&quot;}\">\n\t\t\t\t\t\t<div class=\"elementor-container elementor-column-gap-default\">\n\t\t\t\t\t\t\t<div class=\"elementor-row\">\n\t\t\t\t\t<div class=\"elementor-column elementor-col-50 elementor-top-column elementor-element elementor-element-d9cee71\" data-id=\"d9cee71\" data-element_type=\"column\">\n\t\t\t<div class=\"elementor-column-wrap elementor-element-populated\">\n\t\t\t\t\t\t\t<div class=\"elementor-widget-wrap\">\n\t\t\t\t\t\t<div class=\"elementor-element elementor-element-b0c5502 elementor-widget elementor-widget-heading\" data-id=\"b0c5502\" data-element_type=\"widget\" data-settings=\"{&quot;_animation_mobile&quot;:&quot;none&quot;}\" data-widget_type=\"heading.default\">\n\t\t\t\t<div class=\"elementor-widget-container\">\n\t\t\t<h3 class=\"elementor-heading-title elementor-size-default\">HERRAMIENTA DE MANO<\/h3>\t\t<\/div>\n\t\t\t\t<\/div>\n\t\t\t\t<div class=\"elementor-element elementor-element-38cf12a elementor-widget elementor-widget-heading\" data-id=\"38cf12a\" data-element_type=\"widget\" data-widget_type=\"heading.default\">\n\t\t\t\t<div class=\"elementor-widget-container\">\n\t\t\t<h1 class=\"elementor-heading-title elementor-size-default\">INDUSTRIA <\/h1>\t\t<\/div>\n\t\t\t\t<\/div>\n\t\t\t\t<div class=\"elementor-element elementor-element-2f38af4 elementor-widget elementor-widget-text-editor\" data-id=\"2f38af4\" data-element_type=\"widget\" data-widget_type=\"text-editor.default\">\n\t\t\t\t<div class=\"elementor-widget-container\">\n\t\t\t\t\t\t\t\t<div class=\"elementor-text-editor elementor-clearfix\">\n\t\t\t\t<p>PRODUCTOS<\/p><ul><li><a href=\"https:\/\/www.llopart.eu\/wp-content\/uploads\/2020\/04\/01-carros-y-mobiliario-de-almacen.pdf\" target=\"_blank\" rel=\"noopener\">Carros y mobiliario de taller<\/a><\/li><li><a href=\"https:\/\/www.llopart.eu\/wp-content\/uploads\/2020\/04\/02-cajas-de-herramientas.pdf\" target=\"_blank\" rel=\"noopener\">Cajas de herramientas &#8211; maletas &#8211; cofres<\/a><\/li><li><a href=\"https:\/\/www.llopart.eu\/wp-content\/uploads\/2020\/04\/03-llaves-de-abertura-fija.pdf\" target=\"_blank\" rel=\"noopener\">Llaves de abertura fija y variable<\/a><\/li><li><a href=\"https:\/\/www.llopart.eu\/wp-content\/uploads\/2020\/04\/04-llaves-de-abertura-fija.pdf\" target=\"_blank\" rel=\"noopener\">Trinquetes &#8211; vasos &#8211; accesorios<\/a><\/li><li><a href=\"https:\/\/www.llopart.eu\/wp-content\/uploads\/2020\/04\/05-apriete-controlado.pdf\" target=\"_blank\" rel=\"noopener\">Apriete controlado<\/a><\/li><li><a href=\"https:\/\/www.llopart.eu\/wp-content\/uploads\/2020\/04\/06-destornilladores.pdf\" target=\"_blank\" rel=\"noopener\">Destornilladores &#8211; llaves macho &#8211; puntas de atornillar<\/a><\/li><li><a href=\"https:\/\/www.llopart.eu\/wp-content\/uploads\/2020\/04\/07-alicates.pdf\" target=\"_blank\" rel=\"noopener\">Alicates &#8211; alicates arandelas &#8211; mordazas de presi\u00f3n<\/a><\/li><li><a href=\"https:\/\/www.llopart.eu\/wp-content\/uploads\/2020\/04\/08-metrologia.pdf\" target=\"_blank\" rel=\"noopener\">Metrolog\u00eda &#8211; medici\u00f3n &#8211; trazado<\/a><\/li><li><a href=\"https:\/\/www.llopart.eu\/wp-content\/uploads\/2020\/04\/09-martillos.pdf\" target=\"_blank\" rel=\"noopener\">Martillos &#8211; herramientas de golpe<\/a><\/li><li><a href=\"https:\/\/www.llopart.eu\/wp-content\/uploads\/2020\/04\/10-serrado.pdf\" target=\"_blank\" rel=\"noopener\">Serrado &#8211; taladro &#8211; corte<\/a><\/li><li><a href=\"https:\/\/www.llopart.eu\/wp-content\/uploads\/2020\/04\/11-extraccion.pdf\" target=\"_blank\" rel=\"noopener\">Extracci\u00f3n<\/a><\/li><li><a href=\"https:\/\/www.llopart.eu\/wp-content\/uploads\/2020\/04\/12-iluminacion.pdf\" target=\"_blank\" rel=\"noopener\">Iluminaci\u00f3n<\/a><\/li><li><a href=\"https:\/\/www.llopart.eu\/wp-content\/uploads\/2020\/04\/13-herramientas-energizadas.pdf\" target=\"_blank\" rel=\"noopener\">Herramientas energizadas<\/a><\/li><li><a href=\"https:\/\/www.llopart.eu\/wp-content\/uploads\/2020\/04\/14-equipamiento-individual.pdf\" target=\"_blank\" rel=\"noopener\">Equipamiento individual &#8211; mantenimiento<\/a><\/li><li><a href=\"https:\/\/www.llopart.eu\/wp-content\/uploads\/2020\/04\/15-herramientas-anti-deflagrantes.pdf\" target=\"_blank\" rel=\"noopener\">Herramientas anti-deflagrantes<\/a><\/li><li><a href=\"https:\/\/www.llopart.eu\/wp-content\/uploads\/2020\/04\/16-herramientas-sls.pdf\" target=\"_blank\" rel=\"noopener\">Herramienta SLS<\/a><\/li><li><a href=\"https:\/\/www.llopart.eu\/wp-content\/uploads\/2020\/04\/17-herramienta-fluo.pdf\" target=\"_blank\" rel=\"noopener\">Herramienta FLUO<\/a><\/li><li><a href=\"https:\/\/www.llopart.eu\/wp-content\/uploads\/2020\/04\/18-herramientas-RFID.pdf\" target=\"_blank\" rel=\"noopener\">Herramienta RFID<\/a><\/li><li><a href=\"https:\/\/www.llopart.eu\/wp-content\/uploads\/2020\/04\/19-aeronautica.pdf\" target=\"_blank\" rel=\"noopener\">Aeron\u00e1utica<\/a><\/li><li><a href=\"https:\/\/www.llopart.eu\/wp-content\/uploads\/2020\/04\/20-electricidad.pdf\" target=\"_blank\" rel=\"noopener\">Electricidad<\/a><\/li><li><a href=\"https:\/\/www.llopart.eu\/wp-content\/uploads\/2020\/04\/21-electronica.pdf\" target=\"_blank\" rel=\"noopener\">Electr\u00f3nica<\/a><\/li><li><a href=\"https:\/\/www.llopart.eu\/wp-content\/uploads\/2020\/04\/22-automocion.pdf\" target=\"_blank\" rel=\"noopener\">Automoci\u00f3n<\/a><\/li><li><a href=\"https:\/\/www.llopart.eu\/wp-content\/uploads\/2020\/04\/23-vehiculos-pesados.pdf\" target=\"_blank\" rel=\"noopener\">Veh\u00edculos pesados e industriales<\/a><\/li><\/ul>\t\t\t\t\t<\/div>\n\t\t\t\t\t\t<\/div>\n\t\t\t\t<\/div>\n\t\t\t\t\t\t<\/div>\n\t\t\t\t\t<\/div>\n\t\t<\/div>\n\t\t\t\t<div class=\"elementor-column elementor-col-50 elementor-top-column elementor-element elementor-element-2d805c7\" data-id=\"2d805c7\" data-element_type=\"column\" data-settings=\"{&quot;background_background&quot;:&quot;classic&quot;}\">\n\t\t\t<div class=\"elementor-column-wrap elementor-element-populated\">\n\t\t\t\t\t\t\t<div class=\"elementor-widget-wrap\">\n\t\t\t\t\t\t<div class=\"elementor-element elementor-element-9446e12 elementor-widget elementor-widget-image\" data-id=\"9446e12\" data-element_type=\"widget\" data-widget_type=\"image.default\">\n\t\t\t\t<div class=\"elementor-widget-container\">\n\t\t\t\t\t\t\t\t<div class=\"elementor-image\">\n\t\t\t\t\t\t\t\t\t\t\t\t<img width=\"414\" height=\"121\" src=\"https:\/\/www.llopart.eu\/wp-content\/uploads\/2020\/04\/logo-7.jpg\" class=\"attachment-large size-large\" alt=\"\" loading=\"lazy\" srcset=\"https:\/\/www.llopart.eu\/wp-content\/uploads\/2020\/04\/logo-7.jpg 414w, https:\/\/www.llopart.eu\/wp-content\/uploads\/2020\/04\/logo-7-300x88.jpg 300w\" sizes=\"(max-width: 414px) 100vw, 414px\" \/>\t\t\t\t\t\t\t\t\t\t\t\t\t\t<\/div>\n\t\t\t\t\t\t<\/div>\n\t\t\t\t<\/div>\n\t\t\t\t<div class=\"elementor-element elementor-element-1e4c634 elementor-widget elementor-widget-image\" data-id=\"1e4c634\" data-element_type=\"widget\" data-widget_type=\"image.default\">\n\t\t\t\t<div class=\"elementor-widget-container\">\n\t\t\t\t\t\t\t\t<div class=\"elementor-image\">\n\t\t\t\t\t\t\t\t\t\t\t\t<img src=\"https:\/\/www.llopart.eu\/wp-content\/uploads\/elementor\/thumbs\/foto-grande-2-onx8sp1xktbv0w54ibda2e1ilkdv4i5qf4unf4wofg.jpg\" title=\"foto grande\" alt=\"foto grande\" \/>\t\t\t\t\t\t\t\t\t\t\t\t\t\t<\/div>\n\t\t\t\t\t\t<\/div>\n\t\t\t\t<\/div>\n\t\t\t\t\t\t<\/div>\n\t\t\t\t\t<\/div>\n\t\t<\/div>\n\t\t\t\t\t\t\t\t<\/div>\n\t\t\t\t\t<\/div>\n\t\t<\/section>\n\t\t\t\t<section class=\"elementor-section elementor-top-section elementor-element elementor-element-a8ba42e elementor-section-stretched elementor-section-boxed elementor-section-height-default elementor-section-height-default\" data-id=\"a8ba42e\" data-element_type=\"section\" data-settings=\"{&quot;stretch_section&quot;:&quot;section-stretched&quot;}\">\n\t\t\t\t\t\t<div class=\"elementor-container elementor-column-gap-default\">\n\t\t\t\t\t\t\t<div class=\"elementor-row\">\n\t\t\t\t\t<div class=\"elementor-column elementor-col-33 elementor-top-column elementor-element elementor-element-56ffce7\" data-id=\"56ffce7\" data-element_type=\"column\">\n\t\t\t<div class=\"elementor-column-wrap elementor-element-populated\">\n\t\t\t\t\t\t\t<div class=\"elementor-widget-wrap\">\n\t\t\t\t\t\t<div class=\"elementor-element elementor-element-f75bb0e elementor-widget elementor-widget-premium-addon-banner\" data-id=\"f75bb0e\" data-element_type=\"widget\" data-widget_type=\"premium-addon-banner.default\">\n\t\t\t\t<div class=\"elementor-widget-container\">\n\t\t\t\t\t<div id=\"premium-banner-f75bb0e\" class=\"premium-banner\">\r\n\t\t\t<div class=\"premium-banner-ib premium-banner-animation13 zoomin premium-banner-min-height\">\r\n\t\t\t\t\t\t\t\t\t\t\t\t\t\t\t\t\t\t\t<img width=\"362\" height=\"246\" src=\"https:\/\/www.llopart.eu\/wp-content\/uploads\/2020\/04\/foto-01-3.jpg\" class=\"attachment-full size-full\" alt=\"\" loading=\"lazy\" \/>\t\t\t\t\t\t\t\t\t\t\t\t\t<div class=\"premium-banner-ib-desc\">\r\n\t\t\t\t\t<div class=\"premium-banner-desc-centered\">\r\n\t\t\t\t\t\t<div class=\"premium-banner-title-wrap\"><h3 class=\"premium-banner-ib-title premium_banner_title\">SELECCI\u00d3N DE HERRAMIENTAS<\/h3><\/div>\t\t\t\t\t\t\t<div class=\"premium-banner-ib-content premium_banner_content\">\r\n\t\t\t\t\t\t\t\t<div >\r\n\t\t\t\t\t\t\t\t\t<ul><li><a href=\"https:\/\/www.llopart.eu\/wp-content\/uploads\/2020\/04\/00-selecciones-de-herramientas.pdf\" target=\"_blank\" rel=\"noopener\">Ir a selecci\u00f3n de herramientas<\/a><\/li><\/ul>\t\t\t\t\t\t\t\t<\/div>\r\n\t\t\t\t\t\t\t<\/div>\r\n\t\t\t\t\t\t\t\t\t\t\t\t\t\t\t\t\t<\/div>\r\n\t\t\t\t<\/div>\r\n\t\t\t\t\t\t\t<\/div>\r\n\t\t\t\t\t<\/div>\r\n\t\t\t\t<\/div>\n\t\t\t\t<\/div>\n\t\t\t\t\t\t<\/div>\n\t\t\t\t\t<\/div>\n\t\t<\/div>\n\t\t\t\t<div class=\"elementor-column elementor-col-33 elementor-top-column elementor-element elementor-element-a382cfa\" data-id=\"a382cfa\" data-element_type=\"column\">\n\t\t\t<div class=\"elementor-column-wrap elementor-element-populated\">\n\t\t\t\t\t\t\t<div class=\"elementor-widget-wrap\">\n\t\t\t\t\t\t<div class=\"elementor-element elementor-element-2220d5b elementor-widget elementor-widget-premium-addon-banner\" data-id=\"2220d5b\" data-element_type=\"widget\" data-widget_type=\"premium-addon-banner.default\">\n\t\t\t\t<div class=\"elementor-widget-container\">\n\t\t\t\t\t<div id=\"premium-banner-2220d5b\" class=\"premium-banner\">\r\n\t\t\t<div class=\"premium-banner-ib premium-banner-animation13 zoomin premium-banner-min-height\">\r\n\t\t\t\t\t\t\t\t\t\t\t\t\t\t\t\t\t\t\t<img width=\"362\" height=\"246\" src=\"https:\/\/www.llopart.eu\/wp-content\/uploads\/2020\/04\/catalogo-6.jpg\" class=\"attachment-full size-full\" alt=\"\" loading=\"lazy\" \/>\t\t\t\t\t\t\t\t\t\t\t\t\t<div class=\"premium-banner-ib-desc\">\r\n\t\t\t\t\t<div class=\"premium-banner-desc-centered\">\r\n\t\t\t\t\t\t<div class=\"premium-banner-title-wrap\"><h3 class=\"premium-banner-ib-title premium_banner_title\"><\/h3><\/div>\t\t\t\t\t\t\t<div class=\"premium-banner-ib-content premium_banner_content\">\r\n\t\t\t\t\t\t\t\t<div >\r\n\t\t\t\t\t\t\t\t\t<p>La descarga del cat\u00e1logo completo no es posible debido a su tama\u00f1o, puede descargar por secciones en el apartado productos.<\/p>\t\t\t\t\t\t\t\t<\/div>\r\n\t\t\t\t\t\t\t<\/div>\r\n\t\t\t\t\t\t\t\t\t\t\t\t\t\t\t\t\t<\/div>\r\n\t\t\t\t<\/div>\r\n\t\t\t\t\t\t\t<\/div>\r\n\t\t\t\t\t<\/div>\r\n\t\t\t\t<\/div>\n\t\t\t\t<\/div>\n\t\t\t\t\t\t<\/div>\n\t\t\t\t\t<\/div>\n\t\t<\/div>\n\t\t\t\t<div class=\"elementor-column elementor-col-33 elementor-top-column elementor-element elementor-element-9785238\" data-id=\"9785238\" data-element_type=\"column\">\n\t\t\t<div class=\"elementor-column-wrap elementor-element-populated\">\n\t\t\t\t\t\t\t<div class=\"elementor-widget-wrap\">\n\t\t\t\t\t\t<div class=\"elementor-element elementor-element-bc5553b elementor-widget elementor-widget-premium-addon-banner\" data-id=\"bc5553b\" data-element_type=\"widget\" data-widget_type=\"premium-addon-banner.default\">\n\t\t\t\t<div class=\"elementor-widget-container\">\n\t\t\t\t\t<div id=\"premium-banner-bc5553b\" class=\"premium-banner\">\r\n\t\t\t<div class=\"premium-banner-ib premium-banner-animation13 zoomin premium-banner-min-height\">\r\n\t\t\t\t\t\t\t\t\t\t\t\t\t\t\t\t\t\t\t<img width=\"362\" height=\"246\" src=\"https:\/\/www.llopart.eu\/wp-content\/uploads\/2020\/04\/foto-2-2.jpg\" class=\"attachment-full size-full\" alt=\"\" loading=\"lazy\" \/>\t\t\t\t\t\t\t\t\t\t\t\t\t<div class=\"premium-banner-ib-desc\">\r\n\t\t\t\t\t<div class=\"premium-banner-desc-centered\">\r\n\t\t\t\t\t\t<div class=\"premium-banner-title-wrap\"><h3 class=\"premium-banner-ib-title premium_banner_title\">CONSIGNAS DE SEGURIDAD<\/h3><\/div>\t\t\t\t\t\t\t<div class=\"premium-banner-ib-content premium_banner_content\">\r\n\t\t\t\t\t\t\t\t<div >\r\n\t\t\t\t\t\t\t\t\t<ul><li><a href=\"https:\/\/www.llopart.eu\/wp-content\/uploads\/2020\/04\/000-consignas-de-seguridad.pdf\" target=\"_blank\" rel=\"noopener\">Ir a consignas de seguridad<\/a><\/li><\/ul>\t\t\t\t\t\t\t\t<\/div>\r\n\t\t\t\t\t\t\t<\/div>\r\n\t\t\t\t\t\t\t\t\t\t\t\t\t\t\t\t\t<\/div>\r\n\t\t\t\t<\/div>\r\n\t\t\t\t\t\t\t<\/div>\r\n\t\t\t\t\t<\/div>\r\n\t\t\t\t<\/div>\n\t\t\t\t<\/div>\n\t\t\t\t\t\t<\/div>\n\t\t\t\t\t<\/div>\n\t\t<\/div>\n\t\t\t\t\t\t\t\t<\/div>\n\t\t\t\t\t<\/div>\n\t\t<\/section>\n\t\t\t\t<section class=\"elementor-section elementor-top-section elementor-element elementor-element-d4ee114 elementor-section-stretched elementor-section-full_width elementor-section-height-default elementor-section-height-default\" data-id=\"d4ee114\" data-element_type=\"section\" data-settings=\"{&quot;stretch_section&quot;:&quot;section-stretched&quot;,&quot;background_background&quot;:&quot;classic&quot;}\">\n\t\t\t\t\t\t<div class=\"elementor-container elementor-column-gap-default\">\n\t\t\t\t\t\t\t<div class=\"elementor-row\">\n\t\t\t\t\t<div class=\"elementor-column elementor-col-50 elementor-top-column elementor-element elementor-element-c7711e8\" data-id=\"c7711e8\" data-element_type=\"column\">\n\t\t\t<div class=\"elementor-column-wrap elementor-element-populated\">\n\t\t\t\t\t\t\t<div class=\"elementor-widget-wrap\">\n\t\t\t\t\t\t<section class=\"elementor-section elementor-inner-section elementor-element elementor-element-03788c2 elementor-section-boxed elementor-section-height-default elementor-section-height-default\" data-id=\"03788c2\" data-element_type=\"section\">\n\t\t\t\t\t\t<div class=\"elementor-container elementor-column-gap-default\">\n\t\t\t\t\t\t\t<div class=\"elementor-row\">\n\t\t\t\t\t<div class=\"elementor-column elementor-col-50 elementor-inner-column elementor-element elementor-element-20b9e9c\" data-id=\"20b9e9c\" data-element_type=\"column\">\n\t\t\t<div class=\"elementor-column-wrap elementor-element-populated\">\n\t\t\t\t\t\t\t<div class=\"elementor-widget-wrap\">\n\t\t\t\t\t\t<div class=\"elementor-element elementor-element-04a11a4 elementor-widget elementor-widget-text-editor\" data-id=\"04a11a4\" data-element_type=\"widget\" data-widget_type=\"text-editor.default\">\n\t\t\t\t<div class=\"elementor-widget-container\">\n\t\t\t\t\t\t\t\t<div class=\"elementor-text-editor elementor-clearfix\">\n\t\t\t\t<p>PRODUCTOS<\/p><ul><li><a href=\"https:\/\/www.llopart.eu\/index.php\/adhesivos-2\/\" target=\"_blank\" rel=\"noopener\">Adhesivos<\/a><\/li><li><a href=\"https:\/\/www.llopart.eu\/index.php\/elementos-normalizados\/\" target=\"_blank\" rel=\"noopener\">Elementos normalizados<\/a><\/li><li><a href=\"https:\/\/www.llopart.eu\/index.php\/herramientas-de-mano\/\" target=\"_blank\" rel=\"noopener\">Herramientas de mano<\/a><\/li><li><a href=\"https:\/\/www.llopart.eu\/index.php\/herramientas-electricas\/\" target=\"_blank\" rel=\"noopener\">Herramientas el\u00e9ctricas<\/a><\/li><li><a href=\"https:\/\/www.llopart.eu\/index.php\/lubricantes\/\" target=\"_blank\" rel=\"noopener\">Lubricantes<\/a><\/li><li><a href=\"https:\/\/www.llopart.eu\/index.php\/soldadura-4\/\" target=\"_blank\" rel=\"noopener\">Soldadura<\/a><\/li><li><a href=\"https:\/\/www.llopart.eu\/index.php\/tornilleria-5\/\" target=\"_blank\" rel=\"noopener\">Torniller\u00eda<\/a><\/li><\/ul>\t\t\t\t\t<\/div>\n\t\t\t\t\t\t<\/div>\n\t\t\t\t<\/div>\n\t\t\t\t\t\t<\/div>\n\t\t\t\t\t<\/div>\n\t\t<\/div>\n\t\t\t\t<div class=\"elementor-column elementor-col-50 elementor-inner-column elementor-element elementor-element-8bd3575\" data-id=\"8bd3575\" data-element_type=\"column\">\n\t\t\t<div class=\"elementor-column-wrap elementor-element-populated\">\n\t\t\t\t\t\t\t<div class=\"elementor-widget-wrap\">\n\t\t\t\t\t\t<div class=\"elementor-element elementor-element-a6d61a5 elementor-widget elementor-widget-text-editor\" data-id=\"a6d61a5\" data-element_type=\"widget\" data-widget_type=\"text-editor.default\">\n\t\t\t\t<div class=\"elementor-widget-container\">\n\t\t\t\t\t\t\t\t<div class=\"elementor-text-editor elementor-clearfix\">\n\t\t\t\t<p style=\"text-align: left;\">NUESTRAS MARCAS<\/p><ul><li><a href=\"https:\/\/www.llopart.eu\/index.php\/bostik-4\/\" target=\"_blank\" rel=\"noopener\">Bostik<\/a><\/li><li><a href=\"https:\/\/www.llopart.eu\/index.php\/loctite-4\/\" target=\"_blank\" rel=\"noopener\">Loctite<\/a><\/li><li><a href=\"https:\/\/www.llopart.eu\/index.php\/pattex-3\/\" target=\"_blank\" rel=\"noopener\">Pattex<\/a><\/li><li><a href=\"https:\/\/www.llopart.eu\/index.php\/halder-4\/\" target=\"_blank\" rel=\"noopener\">Halder<\/a><\/li><li><a href=\"https:\/\/www.llopart.eu\/index.php\/norelem-4\/\" target=\"_blank\" rel=\"noopener\">Norelem<\/a><\/li><li><a href=\"https:\/\/www.llopart.eu\/index.php\/opac\/\" target=\"_blank\" rel=\"noopener\">Opac<\/a><\/li><li><a href=\"https:\/\/www.llopart.eu\/index.php\/bahco-2\/\" target=\"_blank\" rel=\"noopener\">Bahco<\/a><\/li><li><a href=\"https:\/\/www.llopart.eu\/index.php\/dogher-5\/\" target=\"_blank\" rel=\"noopener\">Dogher<\/a><\/li><li><a href=\"https:\/\/www.llopart.eu\/index.php\/facom-6\/\" target=\"_blank\" rel=\"noopener\">Facom<\/a><\/li><li><a href=\"https:\/\/www.llopart.eu\/index.php\/dewalt-4\/\" target=\"_blank\" rel=\"noopener\">Dewalt<\/a><\/li><li><a href=\"https:\/\/www.llopart.eu\/index.php\/metabo-5\/\" target=\"_blank\" rel=\"noopener\">Metabo<\/a><\/li><li><a href=\"https:\/\/www.llopart.eu\/index.php\/brugarolas-4\/\" target=\"_blank\" rel=\"noopener\">Brugarolas<\/a><\/li><li><a href=\"https:\/\/www.llopart.eu\/index.php\/fuchs-4\/\" target=\"_blank\" rel=\"noopener\">Fuch<\/a><\/li><li><a href=\"https:\/\/www.llopart.eu\/index.php\/galagar-4\/\" target=\"_blank\" rel=\"noopener\">Galagar<\/a><\/li><li><a href=\"https:\/\/www.llopart.eu\/index.php\/solgrup\/\" target=\"_blank\" rel=\"noopener\">Solgrup<\/a><\/li><li><a href=\"https:\/\/www.llopart.eu\/index.php\/holokrome\/\" target=\"_blank\" rel=\"noopener\">Holo-Krome<\/a><\/li><li><a href=\"https:\/\/www.llopart.eu\/index.php\/reyzabal\/\" target=\"_blank\" rel=\"noopener\">Reyzabal<\/a><\/li><li><a href=\"https:\/\/www.llopart.eu\/index.php\/unbrako\/\" target=\"_blank\" rel=\"noopener\">Unbrako<\/a><\/li><\/ul>\t\t\t\t\t<\/div>\n\t\t\t\t\t\t<\/div>\n\t\t\t\t<\/div>\n\t\t\t\t\t\t<\/div>\n\t\t\t\t\t<\/div>\n\t\t<\/div>\n\t\t\t\t\t\t\t\t<\/div>\n\t\t\t\t\t<\/div>\n\t\t<\/section>\n\t\t\t\t\t\t<\/div>\n\t\t\t\t\t<\/div>\n\t\t<\/div>\n\t\t\t\t<div class=\"elementor-column elementor-col-50 elementor-top-column elementor-element elementor-element-a571d71\" data-id=\"a571d71\" data-element_type=\"column\">\n\t\t\t<div class=\"elementor-column-wrap elementor-element-populated\">\n\t\t\t\t\t\t\t<div class=\"elementor-widget-wrap\">\n\t\t\t\t\t\t<div class=\"elementor-element elementor-element-3a26c47 elementor-widget elementor-widget-html\" data-id=\"3a26c47\" data-element_type=\"widget\" data-widget_type=\"html.default\">\n\t\t\t\t<div class=\"elementor-widget-container\">\n\t\t\t<iframe src=\"https:\/\/www.google.com\/maps\/embed?pb=!1m18!1m12!1m3!1d2994.5753054064126!2d1.9859258147960221!3d41.36158390555845!2m3!1f0!2f0!3f0!3m2!1i1024!2i768!4f13.1!3m3!1m2!1s0x12a484b52ab478f7%3A0xdd1291dedaffbfa9!2zQ2FuIEfDvGVsbCwgQXYuIERvbMOnYSBkZSBQcm92ZW7Dp2EsIDI2LCAwODYyOSwgQmFyY2Vsb25h!5e0!3m2!1ses!2ses!4v1640028547743!5m2!1ses!2ses\" width=\"600\" height=\"450\" style=\"border:0;\" allowfullscreen=\"\" loading=\"lazy\"><\/iframe>\t\t<\/div>\n\t\t\t\t<\/div>\n\t\t\t\t<div class=\"elementor-element elementor-element-5c01f18 elementor-widget elementor-widget-heading\" data-id=\"5c01f18\" data-element_type=\"widget\" data-widget_type=\"heading.default\">\n\t\t\t\t<div class=\"elementor-widget-container\">\n\t\t\t<h1 class=\"elementor-heading-title elementor-size-small\">\u00a9 Llopart Subministraments Industrials\n\n\n<\/h1>\t\t<\/div>\n\t\t\t\t<\/div>\n\t\t\t\t<div class=\"elementor-element elementor-element-e66e610 elementor-widget elementor-widget-heading\" data-id=\"e66e610\" data-element_type=\"widget\" data-widget_type=\"heading.default\">\n\t\t\t\t<div class=\"elementor-widget-container\">\n\t\t\t<h1 class=\"elementor-heading-title elementor-size-small\">Av. Dol\u00e7a de Proven\u00e7a n\u00ba 26 Nave A\n\n08629 Torrelles de LLobregat Barcelona\n\n\n<\/h1>\t\t<\/div>\n\t\t\t\t<\/div>\n\t\t\t\t<div class=\"elementor-element elementor-element-3ef1290 elementor-widget elementor-widget-heading\" data-id=\"3ef1290\" data-element_type=\"widget\" data-widget_type=\"heading.default\">\n\t\t\t\t<div class=\"elementor-widget-container\">\n\t\t\t<h1 class=\"elementor-heading-title elementor-size-small\"><a href=\"mailto:ventas@llopart.eu\">E-mail: ventas@llopart.eu\n\n<\/a><\/h1>\t\t<\/div>\n\t\t\t\t<\/div>\n\t\t\t\t<div class=\"elementor-element elementor-element-e481907 elementor-widget elementor-widget-heading\" data-id=\"e481907\" data-element_type=\"widget\" data-widget_type=\"heading.default\">\n\t\t\t\t<div class=\"elementor-widget-container\">\n\t\t\t<h1 class=\"elementor-heading-title elementor-size-small\">Telf. 936 891 277 \/ 617 328 406\n\n\n<\/h1>\t\t<\/div>\n\t\t\t\t<\/div>\n\t\t\t\t\t\t<\/div>\n\t\t\t\t\t<\/div>\n\t\t<\/div>\n\t\t\t\t\t\t\t\t<\/div>\n\t\t\t\t\t<\/div>\n\t\t<\/section>\n\t\t\t\t\t\t<\/div>\n\t\t\t\t\t\t<\/div>\n\t\t\t\t\t<\/div>\n\t\t","protected":false},"excerpt":{"rendered":"<p>HERRAMIENTA DE MANO INDUSTRIA PRODUCTOS Carros y mobiliario de taller Cajas de herramientas &#8211; maletas &#8211; cofres Llaves de abertura fija y variable Trinquetes &#8211; vasos &#8211; accesorios Apriete controlado Destornilladores &#8211; llaves macho &#8211; puntas de atornillar Alicates &#8211; alicates arandelas &#8211; mordazas de presi\u00f3n Metrolog\u00eda &#8211; medici\u00f3n &#8211; trazado Martillos &#8211; herramientas de [&hellip;]<\/p>\n","protected":false},"author":1,"featured_media":0,"parent":0,"menu_order":0,"comment_status":"closed","ping_status":"closed","template":"","meta":{"_monsterinsights_skip_tracking":false,"_monsterinsights_sitenote_active":false,"_monsterinsights_sitenote_note":"","_monsterinsights_sitenote_category":0},"_links":{"self":[{"href":"https:\/\/www.llopart.eu\/index.php\/wp-json\/wp\/v2\/pages\/661"}],"collection":[{"href":"https:\/\/www.llopart.eu\/index.php\/wp-json\/wp\/v2\/pages"}],"about":[{"href":"https:\/\/www.llopart.eu\/index.php\/wp-json\/wp\/v2\/types\/page"}],"author":[{"embeddable":true,"href":"https:\/\/www.llopart.eu\/index.php\/wp-json\/wp\/v2\/users\/1"}],"replies":[{"embeddable":true,"href":"https:\/\/www.llopart.eu\/index.php\/wp-json\/wp\/v2\/comments?post=661"}],"version-history":[{"count":28,"href":"https:\/\/www.llopart.eu\/index.php\/wp-json\/wp\/v2\/pages\/661\/revisions"}],"predecessor-version":[{"id":2173,"href":"https:\/\/www.llopart.eu\/index.php\/wp-json\/wp\/v2\/pages\/661\/revisions\/2173"}],"wp:attachment":[{"href":"https:\/\/www.llopart.eu\/index.php\/wp-json\/wp\/v2\/media?parent=661"}],"curies":[{"name":"wp","href":"https:\/\/api.w.org\/{rel}","templated":true}]}}