{"id":1880,"date":"2020-05-07T20:54:49","date_gmt":"2020-05-07T18:54:49","guid":{"rendered":"https:\/\/www.llopart.eu\/?page_id=1880"},"modified":"2021-12-20T20:52:07","modified_gmt":"2021-12-20T19:52:07","slug":"contactar","status":"publish","type":"page","link":"https:\/\/www.llopart.eu\/index.php\/contactar\/","title":{"rendered":"CONTACTAR"},"content":{"rendered":"\t\t<div data-elementor-type=\"wp-page\" data-elementor-id=\"1880\" class=\"elementor elementor-1880\" data-elementor-settings=\"[]\">\n\t\t\t\t\t\t<div class=\"elementor-inner\">\n\t\t\t\t\t\t\t<div class=\"elementor-section-wrap\">\n\t\t\t\t\t\t\t<section class=\"elementor-section elementor-top-section elementor-element elementor-element-495c207 elementor-section-stretched elementor-section-boxed elementor-section-height-default elementor-section-height-default\" data-id=\"495c207\" data-element_type=\"section\" data-settings=\"{&quot;stretch_section&quot;:&quot;section-stretched&quot;}\">\n\t\t\t\t\t\t<div class=\"elementor-container elementor-column-gap-default\">\n\t\t\t\t\t\t\t<div class=\"elementor-row\">\n\t\t\t\t\t<div class=\"elementor-column elementor-col-50 elementor-top-column elementor-element elementor-element-c456fbb\" data-id=\"c456fbb\" data-element_type=\"column\">\n\t\t\t<div class=\"elementor-column-wrap elementor-element-populated\">\n\t\t\t\t\t\t\t<div class=\"elementor-widget-wrap\">\n\t\t\t\t\t\t<div class=\"elementor-element elementor-element-5af15da eael-contact-form-7-button-align-left eael-contact-form-7-button-custom elementor-widget elementor-widget-eael-contact-form-7\" data-id=\"5af15da\" data-element_type=\"widget\" data-widget_type=\"eael-contact-form-7.default\">\n\t\t\t\t<div class=\"elementor-widget-container\">\n\t\t\t<div class=\"eael-contact-form-7-wrapper\">\n                <div class=\"eael-contact-form eael-contact-form-7 eael-contact-form-5af15da placeholder-show eael-contact-form-align-default\"><div role=\"form\" class=\"wpcf7\" id=\"wpcf7-f436-o1\" lang=\"es-ES\" dir=\"ltr\">\n<div class=\"screen-reader-response\"><p role=\"status\" aria-live=\"polite\" aria-atomic=\"true\"><\/p> <ul><\/ul><\/div>\n<form action=\"\/index.php\/wp-json\/wp\/v2\/pages\/1880#wpcf7-f436-o1\" method=\"post\" class=\"wpcf7-form init\" novalidate=\"novalidate\" data-status=\"init\">\n<div style=\"display: none;\">\n<input type=\"hidden\" name=\"_wpcf7\" value=\"436\" \/>\n<input type=\"hidden\" name=\"_wpcf7_version\" value=\"5.5.3\" \/>\n<input type=\"hidden\" name=\"_wpcf7_locale\" value=\"es_ES\" \/>\n<input type=\"hidden\" name=\"_wpcf7_unit_tag\" value=\"wpcf7-f436-o1\" \/>\n<input type=\"hidden\" name=\"_wpcf7_container_post\" value=\"0\" \/>\n<input type=\"hidden\" name=\"_wpcf7_posted_data_hash\" value=\"\" \/>\n<\/div>\n<p><label> Tu nombre (obligatorio)<br \/>\n    <span class=\"wpcf7-form-control-wrap your-name\"><input type=\"text\" name=\"your-name\" value=\"\" size=\"40\" class=\"wpcf7-form-control wpcf7-text wpcf7-validates-as-required\" aria-required=\"true\" aria-invalid=\"false\" \/><\/span> <\/label><\/p>\n<p><label> Tu correo electr\u00f3nico (obligatorio)<br \/>\n    <span class=\"wpcf7-form-control-wrap your-email\"><input type=\"email\" name=\"your-email\" value=\"\" size=\"40\" class=\"wpcf7-form-control wpcf7-text wpcf7-email wpcf7-validates-as-required wpcf7-validates-as-email\" aria-required=\"true\" aria-invalid=\"false\" \/><\/span> <\/label><\/p>\n<p><label> Asunto<br \/>\n    <span class=\"wpcf7-form-control-wrap your-subject\"><input type=\"text\" name=\"your-subject\" value=\"\" size=\"40\" class=\"wpcf7-form-control wpcf7-text\" aria-invalid=\"false\" \/><\/span> <\/label><\/p>\n<p><label> Tu mensaje<br \/>\n    <span class=\"wpcf7-form-control-wrap your-message\"><textarea name=\"your-message\" cols=\"40\" rows=\"10\" class=\"wpcf7-form-control wpcf7-textarea\" aria-invalid=\"false\"><\/textarea><\/span> <\/label><\/p>\n<p><input type=\"submit\" value=\"Enviar\" class=\"wpcf7-form-control has-spinner wpcf7-submit\" \/><\/p>\n<div class=\"wpcf7-response-output\" aria-hidden=\"true\"><\/div><\/form><\/div><\/div>\n            <\/div>\t\t<\/div>\n\t\t\t\t<\/div>\n\t\t\t\t\t\t<\/div>\n\t\t\t\t\t<\/div>\n\t\t<\/div>\n\t\t\t\t<div class=\"elementor-column elementor-col-50 elementor-top-column elementor-element elementor-element-f51404f\" data-id=\"f51404f\" data-element_type=\"column\">\n\t\t\t<div class=\"elementor-column-wrap elementor-element-populated\">\n\t\t\t\t\t\t\t<div class=\"elementor-widget-wrap\">\n\t\t\t\t\t\t<div class=\"elementor-element elementor-element-6a88a7f elementor-widget elementor-widget-html\" data-id=\"6a88a7f\" data-element_type=\"widget\" data-widget_type=\"html.default\">\n\t\t\t\t<div class=\"elementor-widget-container\">\n\t\t\t<iframe src=\"https:\/\/www.google.com\/maps\/embed?pb=!4v1640029893865!6m8!1m7!1sTYwuBSfWfBI6N9pNMzfTlg!2m2!1d41.36187463425148!2d1.988200640205877!3f170.6979690812027!4f-3.257829494300111!5f0.7820865974627469\" width=\"600\" height=\"640\" style=\"border:0;\" allowfullscreen=\"\" loading=\"lazy\"><\/iframe>\t\t<\/div>\n\t\t\t\t<\/div>\n\t\t\t\t\t\t<\/div>\n\t\t\t\t\t<\/div>\n\t\t<\/div>\n\t\t\t\t\t\t\t\t<\/div>\n\t\t\t\t\t<\/div>\n\t\t<\/section>\n\t\t\t\t<section class=\"elementor-section elementor-top-section elementor-element elementor-element-4aac5a7 elementor-section-stretched elementor-section-full_width elementor-section-height-default elementor-section-height-default\" data-id=\"4aac5a7\" data-element_type=\"section\" data-settings=\"{&quot;stretch_section&quot;:&quot;section-stretched&quot;,&quot;background_background&quot;:&quot;classic&quot;}\">\n\t\t\t\t\t\t<div class=\"elementor-container elementor-column-gap-default\">\n\t\t\t\t\t\t\t<div class=\"elementor-row\">\n\t\t\t\t\t<div class=\"elementor-column elementor-col-50 elementor-top-column elementor-element elementor-element-b15c0fc\" data-id=\"b15c0fc\" data-element_type=\"column\">\n\t\t\t<div class=\"elementor-column-wrap elementor-element-populated\">\n\t\t\t\t\t\t\t<div class=\"elementor-widget-wrap\">\n\t\t\t\t\t\t<section class=\"elementor-section elementor-inner-section elementor-element elementor-element-535a095 elementor-section-boxed elementor-section-height-default elementor-section-height-default\" data-id=\"535a095\" data-element_type=\"section\">\n\t\t\t\t\t\t<div class=\"elementor-container elementor-column-gap-default\">\n\t\t\t\t\t\t\t<div class=\"elementor-row\">\n\t\t\t\t\t<div class=\"elementor-column elementor-col-50 elementor-inner-column elementor-element elementor-element-6dc82f1\" data-id=\"6dc82f1\" data-element_type=\"column\">\n\t\t\t<div class=\"elementor-column-wrap elementor-element-populated\">\n\t\t\t\t\t\t\t<div class=\"elementor-widget-wrap\">\n\t\t\t\t\t\t<div class=\"elementor-element elementor-element-07a2827 elementor-widget elementor-widget-text-editor\" data-id=\"07a2827\" data-element_type=\"widget\" data-widget_type=\"text-editor.default\">\n\t\t\t\t<div class=\"elementor-widget-container\">\n\t\t\t\t\t\t\t\t<div class=\"elementor-text-editor elementor-clearfix\">\n\t\t\t\t<p>PRODUCTOS<\/p><ul><li><a href=\"https:\/\/www.llopart.eu\/index.php\/adhesivos-2\/\" target=\"_blank\" rel=\"noopener\">Adhesivos<\/a><\/li><li><a href=\"https:\/\/www.llopart.eu\/index.php\/elementos-normalizados\/\" target=\"_blank\" rel=\"noopener\">Elementos normalizados<\/a><\/li><li><a href=\"https:\/\/www.llopart.eu\/index.php\/herramientas-de-mano\/\" target=\"_blank\" rel=\"noopener\">Herramientas de mano<\/a><\/li><li><a href=\"https:\/\/www.llopart.eu\/index.php\/herramientas-electricas\/\" target=\"_blank\" rel=\"noopener\">Herramientas el\u00e9ctricas<\/a><\/li><li><a href=\"https:\/\/www.llopart.eu\/index.php\/lubricantes\/\" target=\"_blank\" rel=\"noopener\">Lubricantes<\/a><\/li><li><a href=\"https:\/\/www.llopart.eu\/index.php\/soldadura-4\/\" target=\"_blank\" rel=\"noopener\">Soldadura<\/a><\/li><li><a href=\"https:\/\/www.llopart.eu\/index.php\/tornilleria-5\/\" target=\"_blank\" rel=\"noopener\">Torniller\u00eda<\/a><\/li><\/ul>\t\t\t\t\t<\/div>\n\t\t\t\t\t\t<\/div>\n\t\t\t\t<\/div>\n\t\t\t\t\t\t<\/div>\n\t\t\t\t\t<\/div>\n\t\t<\/div>\n\t\t\t\t<div class=\"elementor-column elementor-col-50 elementor-inner-column elementor-element elementor-element-b6a17db\" data-id=\"b6a17db\" data-element_type=\"column\">\n\t\t\t<div class=\"elementor-column-wrap elementor-element-populated\">\n\t\t\t\t\t\t\t<div class=\"elementor-widget-wrap\">\n\t\t\t\t\t\t<div class=\"elementor-element elementor-element-6ff28fb elementor-widget elementor-widget-text-editor\" data-id=\"6ff28fb\" data-element_type=\"widget\" data-widget_type=\"text-editor.default\">\n\t\t\t\t<div class=\"elementor-widget-container\">\n\t\t\t\t\t\t\t\t<div class=\"elementor-text-editor elementor-clearfix\">\n\t\t\t\t<p style=\"text-align: left;\">NUESTRAS MARCAS<\/p><ul><li><a href=\"https:\/\/www.llopart.eu\/index.php\/bostik-4\/\" target=\"_blank\" rel=\"noopener\">Bostik<\/a><\/li><li><a href=\"https:\/\/www.llopart.eu\/index.php\/loctite-4\/\" target=\"_blank\" rel=\"noopener\">Loctite<\/a><\/li><li><a href=\"https:\/\/www.llopart.eu\/index.php\/pattex-3\/\" target=\"_blank\" rel=\"noopener\">Pattex<\/a><\/li><li><a href=\"https:\/\/www.llopart.eu\/index.php\/halder-4\/\" target=\"_blank\" rel=\"noopener\">Halder<\/a><\/li><li><a href=\"https:\/\/www.llopart.eu\/index.php\/norelem-4\/\" target=\"_blank\" rel=\"noopener\">Norelem<\/a><\/li><li><a href=\"https:\/\/www.llopart.eu\/index.php\/opac\/\" target=\"_blank\" rel=\"noopener\">Opac<\/a><\/li><li><a href=\"https:\/\/www.llopart.eu\/index.php\/bahco-2\/\" target=\"_blank\" rel=\"noopener\">Bahco<\/a><\/li><li><a href=\"https:\/\/www.llopart.eu\/index.php\/dogher-5\/\" target=\"_blank\" rel=\"noopener\">Dogher<\/a><\/li><li><a href=\"https:\/\/www.llopart.eu\/index.php\/facom-6\/\" target=\"_blank\" rel=\"noopener\">Facom<\/a><\/li><li><a href=\"https:\/\/www.llopart.eu\/index.php\/dewalt-4\/\" target=\"_blank\" rel=\"noopener\">Dewalt<\/a><\/li><li><a href=\"https:\/\/www.llopart.eu\/index.php\/metabo-5\/\" target=\"_blank\" rel=\"noopener\">Metabo<\/a><\/li><li><a href=\"https:\/\/www.llopart.eu\/index.php\/brugarolas-4\/\" target=\"_blank\" rel=\"noopener\">Brugarolas<\/a><\/li><li><a href=\"https:\/\/www.llopart.eu\/index.php\/fuchs-4\/\" target=\"_blank\" rel=\"noopener\">Fuch<\/a><\/li><li><a href=\"https:\/\/www.llopart.eu\/index.php\/galagar-4\/\" target=\"_blank\" rel=\"noopener\">Galagar<\/a><\/li><li><a href=\"https:\/\/www.llopart.eu\/index.php\/solgrup\/\" target=\"_blank\" rel=\"noopener\">Solgrup<\/a><\/li><li><a href=\"https:\/\/www.llopart.eu\/index.php\/holokrome\/\" target=\"_blank\" rel=\"noopener\">Holo-Krome<\/a><\/li><li><a href=\"https:\/\/www.llopart.eu\/index.php\/reyzabal\/\" target=\"_blank\" rel=\"noopener\">Reyzabal<\/a><\/li><li><a href=\"https:\/\/www.llopart.eu\/index.php\/unbrako\/\" target=\"_blank\" rel=\"noopener\">Unbrako<\/a><\/li><\/ul>\t\t\t\t\t<\/div>\n\t\t\t\t\t\t<\/div>\n\t\t\t\t<\/div>\n\t\t\t\t\t\t<\/div>\n\t\t\t\t\t<\/div>\n\t\t<\/div>\n\t\t\t\t\t\t\t\t<\/div>\n\t\t\t\t\t<\/div>\n\t\t<\/section>\n\t\t\t\t\t\t<\/div>\n\t\t\t\t\t<\/div>\n\t\t<\/div>\n\t\t\t\t<div class=\"elementor-column elementor-col-50 elementor-top-column elementor-element elementor-element-2c322fe\" data-id=\"2c322fe\" data-element_type=\"column\">\n\t\t\t<div class=\"elementor-column-wrap elementor-element-populated\">\n\t\t\t\t\t\t\t<div class=\"elementor-widget-wrap\">\n\t\t\t\t\t\t<div class=\"elementor-element elementor-element-2d83f2d elementor-widget elementor-widget-html\" data-id=\"2d83f2d\" data-element_type=\"widget\" data-widget_type=\"html.default\">\n\t\t\t\t<div class=\"elementor-widget-container\">\n\t\t\t<iframe src=\"https:\/\/www.google.com\/maps\/embed?pb=!1m18!1m12!1m3!1d2994.5753054064126!2d1.9859258147960221!3d41.36158390555845!2m3!1f0!2f0!3f0!3m2!1i1024!2i768!4f13.1!3m3!1m2!1s0x12a484b52ab478f7%3A0xdd1291dedaffbfa9!2zQ2FuIEfDvGVsbCwgQXYuIERvbMOnYSBkZSBQcm92ZW7Dp2EsIDI2LCAwODYyOSwgQmFyY2Vsb25h!5e0!3m2!1ses!2ses!4v1640028547743!5m2!1ses!2ses\" width=\"600\" height=\"450\" style=\"border:0;\" allowfullscreen=\"\" loading=\"lazy\"><\/iframe>\t\t<\/div>\n\t\t\t\t<\/div>\n\t\t\t\t<div class=\"elementor-element elementor-element-79da58f elementor-widget elementor-widget-heading\" data-id=\"79da58f\" data-element_type=\"widget\" data-widget_type=\"heading.default\">\n\t\t\t\t<div class=\"elementor-widget-container\">\n\t\t\t<h1 class=\"elementor-heading-title elementor-size-small\">\u00a9 Llopart Subministraments Industrials\n\n\n<\/h1>\t\t<\/div>\n\t\t\t\t<\/div>\n\t\t\t\t<div class=\"elementor-element elementor-element-32327ac elementor-widget elementor-widget-heading\" data-id=\"32327ac\" data-element_type=\"widget\" data-widget_type=\"heading.default\">\n\t\t\t\t<div class=\"elementor-widget-container\">\n\t\t\t<h1 class=\"elementor-heading-title elementor-size-small\">Av. Dol\u00e7a de Proven\u00e7a n\u00ba 26 Nave A\n\n08629 Torrelles de LLobregat Barcelona\n\n\n<\/h1>\t\t<\/div>\n\t\t\t\t<\/div>\n\t\t\t\t<div class=\"elementor-element elementor-element-7704c67 elementor-widget elementor-widget-heading\" data-id=\"7704c67\" data-element_type=\"widget\" data-widget_type=\"heading.default\">\n\t\t\t\t<div class=\"elementor-widget-container\">\n\t\t\t<h1 class=\"elementor-heading-title elementor-size-small\"><a href=\"mailto:ventas@llopart.eu\">E-mail: ventas@llopart.eu\n\n<\/a><\/h1>\t\t<\/div>\n\t\t\t\t<\/div>\n\t\t\t\t<div class=\"elementor-element elementor-element-fcd3b17 elementor-widget elementor-widget-heading\" data-id=\"fcd3b17\" data-element_type=\"widget\" data-widget_type=\"heading.default\">\n\t\t\t\t<div class=\"elementor-widget-container\">\n\t\t\t<h1 class=\"elementor-heading-title elementor-size-small\">Telf. 936 891 277 \/ 617 328 406\n\n\n<\/h1>\t\t<\/div>\n\t\t\t\t<\/div>\n\t\t\t\t\t\t<\/div>\n\t\t\t\t\t<\/div>\n\t\t<\/div>\n\t\t\t\t\t\t\t\t<\/div>\n\t\t\t\t\t<\/div>\n\t\t<\/section>\n\t\t\t\t\t\t<\/div>\n\t\t\t\t\t\t<\/div>\n\t\t\t\t\t<\/div>\n\t\t","protected":false},"excerpt":{"rendered":"<p>Tu nombre (obligatorio) Tu correo electr\u00f3nico (obligatorio) Asunto Tu mensaje PRODUCTOS Adhesivos Elementos normalizados Herramientas de mano Herramientas el\u00e9ctricas Lubricantes Soldadura Torniller\u00eda NUESTRAS MARCAS Bostik Loctite Pattex Halder Norelem Opac Bahco Dogher Facom Dewalt Metabo Brugarolas Fuch Galagar Solgrup Holo-Krome Reyzabal Unbrako \u00a9 Llopart Subministraments Industrials Av. Dol\u00e7a de Proven\u00e7a n\u00ba 26 Nave A 08629 [&hellip;]<\/p>\n","protected":false},"author":1,"featured_media":0,"parent":0,"menu_order":0,"comment_status":"closed","ping_status":"closed","template":"","meta":{"_monsterinsights_skip_tracking":false,"_monsterinsights_sitenote_active":false,"_monsterinsights_sitenote_note":"","_monsterinsights_sitenote_category":0},"_links":{"self":[{"href":"https:\/\/www.llopart.eu\/index.php\/wp-json\/wp\/v2\/pages\/1880"}],"collection":[{"href":"https:\/\/www.llopart.eu\/index.php\/wp-json\/wp\/v2\/pages"}],"about":[{"href":"https:\/\/www.llopart.eu\/index.php\/wp-json\/wp\/v2\/types\/page"}],"author":[{"embeddable":true,"href":"https:\/\/www.llopart.eu\/index.php\/wp-json\/wp\/v2\/users\/1"}],"replies":[{"embeddable":true,"href":"https:\/\/www.llopart.eu\/index.php\/wp-json\/wp\/v2\/comments?post=1880"}],"version-history":[{"count":24,"href":"https:\/\/www.llopart.eu\/index.php\/wp-json\/wp\/v2\/pages\/1880\/revisions"}],"predecessor-version":[{"id":2203,"href":"https:\/\/www.llopart.eu\/index.php\/wp-json\/wp\/v2\/pages\/1880\/revisions\/2203"}],"wp:attachment":[{"href":"https:\/\/www.llopart.eu\/index.php\/wp-json\/wp\/v2\/media?parent=1880"}],"curies":[{"name":"wp","href":"https:\/\/api.w.org\/{rel}","templated":true}]}}